{"id":23809,"date":"2026-04-20T11:25:31","date_gmt":"2026-04-20T14:25:31","guid":{"rendered":"https:\/\/petzone.com.py\/v1\/?post_type=product&#038;p=23809"},"modified":"2026-04-20T11:25:35","modified_gmt":"2026-04-20T14:25:35","slug":"ceva-pets-protector","status":"publish","type":"product","link":"https:\/\/petzone.com.py\/v1\/producto\/ceva-pets-protector\/","title":{"rendered":"CEVA &#8211; PETS PROTECTOR"},"content":{"rendered":"<h4>Antiparasitario externo para el control y prevenci\u00f3n de pulgas y garrapatas<\/h4>\n<p><strong>F\u00d3RMULA:<\/strong><\/p>\n<p>Comprimidos 275 mg: Fluralaner 110 mg, excipientes c.s.p. 275 mg.<\/p>\n<p>Comprimidos 625 mg: Fluralaner 250 mg, excipientes c.s.p. 625 mg.<\/p>\n<p>Comprimidos 1250 mg: Fluralaner 500 mg, excipientes c.s.p.1250 mg.<\/p>\n<p>Comprimidos 2000 mg: Fluralaner 800 mg, excipientes c.s.p.2000 mg.<\/p>\n<p><strong>CARACTER\u00cdSTICAS DEL PRODUCTO:\u00a0<\/strong>Pets protector 90 son comprimidos palatables, apetecibles para las mascotas gracias a sus excipientes especialmente dise\u00f1ados que facilitan la ingesti\u00f3n voluntaria. Pets protector 90 es un insecticida sist\u00e9mico de duraci\u00f3n prolongada que mata de forma inmediata las garrapatas (Rhipicephalus sanguineus adultas y j\u00f3venes) y pulgas (Ctenocephalides felis y Ctenocephalides canis). Sobre pulgas y garrapatas posee una actividad que persiste durante 12 semanas. Se puede aplicar como parte del tratamiento para el control de la dermatitis al\u00e9rgica por picaduras de pulgas (DAPP). Adem\u00e1s, ayuda al control de la pulga en el ambiente donde habita el hospedador. El producto reduce la transmisi\u00f3n de Babesia canis en perros al actuar contra su vector,Rhipicephalus sanguineus. Un solo tratamiento reduce el riesgo de transmisi\u00f3n de Dipylidium caninum desde pulgas infestadas a perros susceptibles durante 12 semanas. Adem\u00e1s de ser eficaz para causar la muerte de los par\u00e1sitos posterior al tratamiento, \u00e9ste compuesto puede reducir la posibilidad de transmisi\u00f3n de pat\u00f3genos, como es el caso del cestodo Dipylidium caninumpor la pulga C. felis en perros,o la transmisi\u00f3n del protozoario Babesia canis por un per\u00edodo de 12 semanas. La prevenci\u00f3n de la transmisi\u00f3n de agentes ocurre al eliminar r\u00e1pidamente al par\u00e1sito previo a que \u00e9ste sea capaz de transmitir los agentes infecciosos.<\/p>\n<p><strong>FORMA DE ADMINISTRACI\u00d3N:<\/strong>\u00a0Pets protector 90 comprimidos palatables se administra por v\u00eda oral. Debe administrarse junto con el alimento o inmediatamente despu\u00e9s de \u00e9ste, el alimento mejora la absorci\u00f3n del activo.Si se produce el v\u00f3mito durante la hora siguiente a su administraci\u00f3n y la tableta es visible, debe administrarse una nueva dosis completa para garantizar la m\u00e1xima eficacia del producto.<\/p>\n<p><strong>DOSIS:<\/strong>\u00a0De acuerdo al peso del animal, administrar: Ver cuadro. Intervalo entre dosis: 12 semanas. Duraci\u00f3n del tratamiento: Para un control \u00f3ptimo de pulgas y garrapatas se debe administrar el producto a intervalos de 12 semanas.<\/p>\n<p><strong>ESPECIES INDICADAS<\/strong>: Caninos.<\/p>\n<p><strong>CONTRAINDICACIONES Y LIMITACIONES DE USO<\/strong>: No usar en casos de hipersensibilidad a la sustancia activa o a alg\u00fan excipiente. Efectos gastrointestinales leves y transitorios, tales como diarrea, v\u00f3mitos, inapetencia y salivaci\u00f3n frecuentemente. Se han notificado letargia, temblor muscular, ataxia y convulsiones en muy raras ocasiones. El producto no debe utilizarse en cachorros menores de 8 semanas de edad y\/o perros que pesen menos de 2 kg. Utilizar con precauci\u00f3n en perros con epilepsia preexistente. El medicamento veterinario no debe administrarse a intervalos inferiores a 8 semanas ya que la seguridad para intervalos m\u00e1s cortos no ha sido estudiada. Puede utilizarse en perros reproductores,gestantes y lactantes.<\/p>\n<p><strong>PRECAUCIONES QUE DEBEN ADOPTARSE ANTES, DURANTE Y DESPU\u00c9S DE SU ADMINISTRACI\u00d3N:<\/strong>\u00a0El medicamento se debe mantener en su envase original hasta su utilizaci\u00f3n. Los par\u00e1sitos deben iniciar la alimentaci\u00f3n en el hospedador para quedar expuestos al fluralaner; por lo tanto, no debe excluirse totalmente el riesgo de transmisi\u00f3n de las enfermedades transmitidas por par\u00e1sitos (incluida Babesia canis). Administrar junto con alimento o inmediatamente despu\u00e9s de \u00e9ste. Debe considerarse que la duraci\u00f3n de la eficacia podr\u00eda verse reducida si el producto se administra con el est\u00f3mago vac\u00edo. En caso de necesidad de destrucci\u00f3n del producto y\/o sus envases por vencimiento u otra causa, la misma se realizar\u00e1 de acuerdo a la normativa local vigente.<\/p>\n<p><strong>FARMACODINAMIA DEL PRODUCTO<\/strong>: Fluralaner, es una isoxazolina que pertenece a un nuevo grupo de parasiticidas, potente inhibidor del sistema nervioso de los artr\u00f3podos ya que act\u00faa de forma antag\u00f3nica en los canales de cloruro regulados por ligando (receptor GABA y receptor glutamato). En estudios moleculares dirigidos sobre los receptores GABA de pulgas y moscas, el fluralaner no se vio afectado por la resistencia al dieldr\u00edn.<\/p>\n<p><strong>INTOXICACI\u00d3N Y SOBREDOSIS EN LOS ANIMALES:<\/strong>\u00a0Las reacciones adversas m\u00e1s frecuentes del fluralaner en estudios de tolerancia en perros fueron:V\u00f3mito, p\u00e9rdida de apetito, diarrea, letargo, sed excesiva y flatulencia. Posibles reacciones neurol\u00f3gicas adversas tras el uso de productos con isoxazolinas en perros como temblores musculares, ataxia (falta de coordinaci\u00f3n de movimientos musculares) y convulsiones. El fluralaner no tiene un ant\u00eddoto espec\u00edfico. Proceder a tratamientos sintom\u00e1ticos y de apoyo seg\u00fan los s\u00edntomas predominantes.<\/p>\n<p><strong>CONSERVACI\u00d3N:<\/strong>\u00a0Conservar al resguardo de la luz solar directa, entre 15\u00baC y 30\u00baC.<\/p>\n","protected":false},"excerpt":{"rendered":"<p><span style=\"color: #0000ff;\"><strong>*Articulo Sujeto a Disponibilidad<\/strong><\/span><\/p>\n","protected":false},"featured_media":23810,"comment_status":"closed","ping_status":"closed","template":"","meta":{"site-sidebar-layout":"default","site-content-layout":"","ast-site-content-layout":"default","site-content-style":"default","site-sidebar-style":"default","ast-global-header-display":"","ast-banner-title-visibility":"","ast-main-header-display":"","ast-hfb-above-header-display":"","ast-hfb-below-header-display":"","ast-hfb-mobile-header-display":"","site-post-title":"","ast-breadcrumbs-content":"","ast-featured-img":"","footer-sml-layout":"","ast-disable-related-posts":"","theme-transparent-header-meta":"default","adv-header-id-meta":"","stick-header-meta":"","header-above-stick-meta":"","header-main-stick-meta":"","header-below-stick-meta":"","astra-migrate-meta-layouts":"set","ast-page-background-enabled":"default","ast-page-background-meta":{"desktop":{"background-color":"var(--ast-global-color-4)","background-image":"","background-repeat":"repeat","background-position":"center center","background-size":"auto","background-attachment":"scroll","background-type":"","background-media":"","overlay-type":"","overlay-color":"","overlay-opacity":"","overlay-gradient":""},"tablet":{"background-color":"","background-image":"","background-repeat":"repeat","background-position":"center center","background-size":"auto","background-attachment":"scroll","background-type":"","background-media":"","overlay-type":"","overlay-color":"","overlay-opacity":"","overlay-gradient":""},"mobile":{"background-color":"","background-image":"","background-repeat":"repeat","background-position":"center center","background-size":"auto","background-attachment":"scroll","background-type":"","background-media":"","overlay-type":"","overlay-color":"","overlay-opacity":"","overlay-gradient":""}},"ast-content-background-meta":{"desktop":{"background-color":"var(--ast-global-color-5)","background-image":"","background-repeat":"repeat","background-position":"center center","background-size":"auto","background-attachment":"scroll","background-type":"","background-media":"","overlay-type":"","overlay-color":"","overlay-opacity":"","overlay-gradient":""},"tablet":{"background-color":"var(--ast-global-color-5)","background-image":"","background-repeat":"repeat","background-position":"center center","background-size":"auto","background-attachment":"scroll","background-type":"","background-media":"","overlay-type":"","overlay-color":"","overlay-opacity":"","overlay-gradient":""},"mobile":{"background-color":"var(--ast-global-color-5)","background-image":"","background-repeat":"repeat","background-position":"center center","background-size":"auto","background-attachment":"scroll","background-type":"","background-media":"","overlay-type":"","overlay-color":"","overlay-opacity":"","overlay-gradient":""}}},"product_brand":[],"product_cat":[1260,1067,16,97],"product_tag":[],"class_list":{"0":"post-23809","1":"product","2":"type-product","3":"status-publish","4":"has-post-thumbnail","6":"product_cat-ceva","7":"product_cat-productos-para-perros","8":"product_cat-perros","9":"product_cat-medicina-y-salud-perros","10":"desktop-align-left","11":"tablet-align-left","12":"mobile-align-left","14":"first","15":"instock","16":"taxable","17":"shipping-taxable","18":"purchasable","19":"product-type-variable"},"_links":{"self":[{"href":"https:\/\/petzone.com.py\/v1\/wp-json\/wp\/v2\/product\/23809","targetHints":{"allow":["GET"]}}],"collection":[{"href":"https:\/\/petzone.com.py\/v1\/wp-json\/wp\/v2\/product"}],"about":[{"href":"https:\/\/petzone.com.py\/v1\/wp-json\/wp\/v2\/types\/product"}],"replies":[{"embeddable":true,"href":"https:\/\/petzone.com.py\/v1\/wp-json\/wp\/v2\/comments?post=23809"}],"wp:featuredmedia":[{"embeddable":true,"href":"https:\/\/petzone.com.py\/v1\/wp-json\/wp\/v2\/media\/23810"}],"wp:attachment":[{"href":"https:\/\/petzone.com.py\/v1\/wp-json\/wp\/v2\/media?parent=23809"}],"wp:term":[{"taxonomy":"product_brand","embeddable":true,"href":"https:\/\/petzone.com.py\/v1\/wp-json\/wp\/v2\/product_brand?post=23809"},{"taxonomy":"product_cat","embeddable":true,"href":"https:\/\/petzone.com.py\/v1\/wp-json\/wp\/v2\/product_cat?post=23809"},{"taxonomy":"product_tag","embeddable":true,"href":"https:\/\/petzone.com.py\/v1\/wp-json\/wp\/v2\/product_tag?post=23809"}],"curies":[{"name":"wp","href":"https:\/\/api.w.org\/{rel}","templated":true}]}}