{"id":23534,"date":"2026-02-10T10:14:08","date_gmt":"2026-02-10T13:14:08","guid":{"rendered":"https:\/\/petzone.com.py\/v1\/?post_type=product&#038;p=23534"},"modified":"2026-02-10T10:14:10","modified_gmt":"2026-02-10T13:14:10","slug":"formula-natural-vet-care-renal-para-gatos","status":"publish","type":"product","link":"https:\/\/petzone.com.py\/v1\/producto\/formula-natural-vet-care-renal-para-gatos\/","title":{"rendered":"F\u00f3rmula Natural Vet Care Renal Para Gatos."},"content":{"rendered":"<div class=\" jet-accordion__item jet-toggle jet-toggle-move-up-effect \">\n<div id=\"jet-toggle-content-7362\" class=\"jet-toggle__content\" role=\"region\" data-toggle=\"2\" data-template-id=\"false\">\n<h2>Composici\u00f3n Basica<\/h2>\n<div class=\"jet-toggle__content-inner\">Carne de pollo separada mec\u00e1nicamente, h\u00edgado de pollo, arroz roto, harina de v\u00edsceras de ave, gluten de trigo, prote\u00edna de pollo hidrolizada, levadura de ca\u00f1a de az\u00facar inactivada y deshidratada, pulpa de remolacha deshidratada, harina de lino, aceite de ave, aceite de salm\u00f3n, aceite de lino, h\u00edgado hidrolizado de aves y v\u00edsceras de cerdo, biomasa de microalgas (Schizochytrium sp.). Zeolita, pared celular de levadura, fructooligosac\u00e1ridos, inulina, probi\u00f3tico, extracto de yuca, vitaminas, minerales, carbonato de calcio, taurina, metionina, tript\u00f3fano, treonina, leucina, valina, isoleucina, extracto de t\u00e9 verde, extracto de romero, c\u00farcuma, concentrado de tocoferol (antioxidante natural) (0,01%)<\/div>\n<\/div>\n<\/div>\n<div class=\" jet-accordion__item jet-toggle jet-toggle-move-up-effect \">\n<div id=\"jet-toggle-control-7363\" class=\"jet-toggle__control elementor-menu-anchor\" tabindex=\"0\" role=\"button\" data-toggle=\"3\" aria-controls=\"jet-toggle-content-7363\" aria-expanded=\"false\" data-template-id=\"false\">\n<div class=\"jet-toggle__label-icon jet-toggle-icon-position-right\"><\/div>\n<\/div>\n<div id=\"jet-toggle-content-7363\" class=\"jet-toggle__content\" role=\"region\" data-toggle=\"3\" data-template-id=\"false\">\n<div class=\"jet-toggle__content-inner\">\n<table width=\"408\">\n<tbody>\n<tr>\n<td width=\"202\">Humedad (m\u00e1x)<\/td>\n<td width=\"103\">100 g\/kg<\/td>\n<td width=\"103\">10,0%<\/td>\n<\/tr>\n<tr>\n<td width=\"202\">Prote\u00edna cruda (m\u00ednima)<\/td>\n<td width=\"103\">240 g\/kg<\/td>\n<td width=\"103\">24,0%<\/td>\n<\/tr>\n<tr>\n<td width=\"202\">Extracto de \u00e9ter (min.)<\/td>\n<td width=\"103\">180 g\/kg<\/td>\n<td width=\"103\">18,0%<\/td>\n<\/tr>\n<tr>\n<td width=\"202\">Materia fibrosa (Max)<\/td>\n<td width=\"103\">25 g\/kg<\/td>\n<td width=\"103\">2,5%<\/td>\n<\/tr>\n<tr>\n<td width=\"202\">Materia mineral (Max)<\/td>\n<td width=\"103\">65 g\/kg<\/td>\n<td width=\"103\">6,5%<\/td>\n<\/tr>\n<tr>\n<td width=\"202\">Calcio (m\u00e1ximo)<\/td>\n<td width=\"103\">6.500 mg\/kg<\/td>\n<td width=\"103\">0,65%<\/td>\n<\/tr>\n<tr>\n<td width=\"202\">Calcio (M\u00ednimo)<\/td>\n<td width=\"103\">4.000 mg\/kg<\/td>\n<td width=\"103\">0,40%<\/td>\n<\/tr>\n<tr>\n<td width=\"202\">F\u00f3sforo (Min.)<\/td>\n<td width=\"103\">3.200 mg\/kg<\/td>\n<td width=\"103\">0,32%<\/td>\n<\/tr>\n<tr>\n<td width=\"202\">F\u00f3sforo (Max)<\/td>\n<td width=\"103\">4.500 mg\/kg<\/td>\n<td width=\"103\">0,45%<\/td>\n<\/tr>\n<tr>\n<td width=\"202\">Sodio (M\u00ednimo)<\/td>\n<td width=\"103\">2.000 mg\/kg<\/td>\n<td width=\"103\"><\/td>\n<\/tr>\n<tr>\n<td width=\"202\">Potasio (m\u00ednimo)<\/td>\n<td width=\"103\">5.000 mg\/kg<\/td>\n<td width=\"103\"><\/td>\n<\/tr>\n<tr>\n<td width=\"202\">Oligosac\u00e1ridos de man\u00e1n (Min.)<\/td>\n<td width=\"103\">300 mg\/kg<\/td>\n<td width=\"103\"><\/td>\n<\/tr>\n<tr>\n<td width=\"202\">Fructooligosac\u00e1ridos (Min.)<\/td>\n<td width=\"103\">\u00a0\u00a0\u00a0\u00a0\u00a0 300 mg\/kg<\/td>\n<td width=\"103\"><\/td>\n<\/tr>\n<tr>\n<td width=\"202\">Bacillus subtilis (Min.)<\/td>\n<td width=\"103\">1,20 x 10\u00b9\u00b2 CFU\/g<\/td>\n<td width=\"103\"><\/td>\n<\/tr>\n<tr>\n<td width=\"202\">Bifidobacterium bifidum (Min.)<\/td>\n<td width=\"103\">1,20 x 10\u00b9\u00b2 CFU\/g<\/td>\n<td width=\"103\"><\/td>\n<\/tr>\n<tr>\n<td width=\"202\">Enterococcus faecium (Min.)<\/td>\n<td width=\"103\">2,40 x 10\u00b9\u00b2 CFU\/g<\/td>\n<td width=\"103\"><\/td>\n<\/tr>\n<tr>\n<td>Lactobacillus acidophilus (Min.)<\/td>\n<td width=\"103\">3,00 x 10\u00b9\u00b2 CFU\/g<\/td>\n<td width=\"103\"><\/td>\n<\/tr>\n<tr>\n<td width=\"202\">Lacticaseibacillus casei (Min.)<\/td>\n<td width=\"103\">2,40 x 10\u00b9\u00b2 CFU\/g<\/td>\n<td width=\"103\"><\/td>\n<\/tr>\n<tr>\n<td width=\"202\">Lactobacillus lactis (Min.)<\/td>\n<td width=\"103\">1,80 x 10\u00b9\u00b2 CFU\/g<\/td>\n<td width=\"103\"><\/td>\n<\/tr>\n<tr>\n<td width=\"202\">Inulina (Min.)<\/td>\n<td width=\"103\">100 mg\/kg<\/td>\n<td width=\"103\"><\/td>\n<\/tr>\n<tr>\n<td width=\"202\">Omega 6 (\u00c1cido Linoleico) (Min.)<\/td>\n<td width=\"103\">25 g\/kg<\/td>\n<td width=\"103\"><\/td>\n<\/tr>\n<tr>\n<td width=\"202\">Omega 3 (\u00e1cido linol\u00e9nico) (Min.)<\/td>\n<td width=\"103\">5.000 mg\/kg<\/td>\n<td width=\"103\"><\/td>\n<\/tr>\n<tr>\n<td width=\"202\">EPA+DHA (Min.)<\/td>\n<td width=\"103\">2.200 mg\/kg<\/td>\n<td width=\"103\"><\/td>\n<\/tr>\n<tr>\n<td width=\"202\">Energ\u00eda metabolizable (m\u00ednima) (C\u00e1lculo NRC)<\/td>\n<td width=\"103\">4.100 kcal\/kg<\/td>\n<td width=\"103\"><\/td>\n<\/tr>\n<\/tbody>\n<\/table>\n<\/div>\n<\/div>\n<\/div>\n<div class=\" jet-accordion__item jet-toggle jet-toggle-move-up-effect \">\n<div id=\"jet-toggle-control-7364\" class=\"jet-toggle__control elementor-menu-anchor\" tabindex=\"0\" role=\"button\" data-toggle=\"4\" aria-controls=\"jet-toggle-content-7364\" aria-expanded=\"false\" data-template-id=\"false\">\n<div class=\"jet-toggle__label-icon jet-toggle-icon-position-right\"><\/div>\n<\/div>\n<div id=\"jet-toggle-content-7364\" class=\"jet-toggle__content\" role=\"region\" data-toggle=\"4\" data-template-id=\"false\">\n<div class=\"jet-toggle__content-inner\">\n<p>Vitamina A 24.000 UI; Vitamina D3 1.500 UI; vitamina E 600UI; Vitamina K 0,15mg; Vitamina B1 7,8mg; Vitamina B2 6mg; Vitamina B6 4,5mg; Vitamina B12 45mcg; Biotina 0,1mg; Vitamina C 120mg; \u00c1cido f\u00f3lico 1,2mg; \u00c1cido pantot\u00e9nico 8,2mg; Niacina 60mg; Colina 2.400mg; Hierro 120mg; Cobre 6mg; Yodo 0,9mg; Manganeso 6mg; Zinc 120mg; Zinc quelado 67,5mg; Selenio 0,60mg; Selenio complejo 0,37mg; Prote\u00edna de manganeso 15mg.<\/p>\n<\/div>\n<\/div>\n<\/div>\n<div class=\" jet-accordion__item jet-toggle jet-toggle-move-up-effect \">\n<div id=\"jet-toggle-control-7365\" class=\"jet-toggle__control elementor-menu-anchor\" tabindex=\"0\" role=\"button\" data-toggle=\"5\" aria-controls=\"jet-toggle-content-7365\" aria-expanded=\"false\" data-template-id=\"false\">\n<h2 class=\"jet-toggle__label-icon jet-toggle-icon-position-right\">Tabla de Consumo<\/h2>\n<\/div>\n<div id=\"jet-toggle-content-7365\" class=\"jet-toggle__content\" role=\"region\" data-toggle=\"5\" data-template-id=\"false\">\n<div class=\"jet-toggle__content-inner\">\n<table width=\"408\">\n<tbody>\n<tr>\n<td width=\"202\">Peso actual del gato (kg)<\/td>\n<td width=\"103\">Cantidad (g)<\/td>\n<td width=\"103\"><\/td>\n<\/tr>\n<tr>\n<td><\/td>\n<td width=\"103\">Peso ideal<\/td>\n<td width=\"103\">Sobrepeso<\/td>\n<\/tr>\n<tr>\n<td>2<\/td>\n<td>40<\/td>\n<td>30<\/td>\n<\/tr>\n<tr>\n<td>3<\/td>\n<td>50<\/td>\n<td>40<\/td>\n<\/tr>\n<tr>\n<td>4<\/td>\n<td>65<\/td>\n<td>45<\/td>\n<\/tr>\n<tr>\n<td>5<\/td>\n<td>70<\/td>\n<td>55<\/td>\n<\/tr>\n<tr>\n<td>6<\/td>\n<td>80<\/td>\n<td>60<\/td>\n<\/tr>\n<tr>\n<td>7<\/td>\n<td>90<\/td>\n<td>70<\/td>\n<\/tr>\n<tr>\n<td width=\"202\">8<\/td>\n<td width=\"103\">100<\/td>\n<td width=\"103\">75<\/td>\n<\/tr>\n<tr>\n<td width=\"202\">9<\/td>\n<td width=\"103\">110<\/td>\n<td width=\"103\">80<\/td>\n<\/tr>\n<tr>\n<td width=\"202\">10<\/td>\n<td width=\"103\">115<\/td>\n<td width=\"103\">85<\/td>\n<\/tr>\n<\/tbody>\n<\/table>\n<\/div>\n<\/div>\n<\/div>\n","protected":false},"excerpt":{"rendered":"<p><span style=\"color: #0000ff;\"><strong>*Articulo Sujeto a Disponibilidad<\/strong><\/span><\/p>\n","protected":false},"featured_media":23535,"comment_status":"closed","ping_status":"closed","template":"","meta":{"site-sidebar-layout":"default","site-content-layout":"","ast-site-content-layout":"default","site-content-style":"default","site-sidebar-style":"default","ast-global-header-display":"","ast-banner-title-visibility":"","ast-main-header-display":"","ast-hfb-above-header-display":"","ast-hfb-below-header-display":"","ast-hfb-mobile-header-display":"","site-post-title":"","ast-breadcrumbs-content":"","ast-featured-img":"","footer-sml-layout":"","ast-disable-related-posts":"","theme-transparent-header-meta":"default","adv-header-id-meta":"","stick-header-meta":"","header-above-stick-meta":"","header-main-stick-meta":"","header-below-stick-meta":"","astra-migrate-meta-layouts":"set","ast-page-background-enabled":"default","ast-page-background-meta":{"desktop":{"background-color":"var(--ast-global-color-4)","background-image":"","background-repeat":"repeat","background-position":"center center","background-size":"auto","background-attachment":"scroll","background-type":"","background-media":"","overlay-type":"","overlay-color":"","overlay-opacity":"","overlay-gradient":""},"tablet":{"background-color":"","background-image":"","background-repeat":"repeat","background-position":"center center","background-size":"auto","background-attachment":"scroll","background-type":"","background-media":"","overlay-type":"","overlay-color":"","overlay-opacity":"","overlay-gradient":""},"mobile":{"background-color":"","background-image":"","background-repeat":"repeat","background-position":"center center","background-size":"auto","background-attachment":"scroll","background-type":"","background-media":"","overlay-type":"","overlay-color":"","overlay-opacity":"","overlay-gradient":""}},"ast-content-background-meta":{"desktop":{"background-color":"var(--ast-global-color-5)","background-image":"","background-repeat":"repeat","background-position":"center center","background-size":"auto","background-attachment":"scroll","background-type":"","background-media":"","overlay-type":"","overlay-color":"","overlay-opacity":"","overlay-gradient":""},"tablet":{"background-color":"var(--ast-global-color-5)","background-image":"","background-repeat":"repeat","background-position":"center center","background-size":"auto","background-attachment":"scroll","background-type":"","background-media":"","overlay-type":"","overlay-color":"","overlay-opacity":"","overlay-gradient":""},"mobile":{"background-color":"var(--ast-global-color-5)","background-image":"","background-repeat":"repeat","background-position":"center center","background-size":"auto","background-attachment":"scroll","background-type":"","background-media":"","overlay-type":"","overlay-color":"","overlay-opacity":"","overlay-gradient":""}}},"product_brand":[],"product_cat":[117,116,1259,40,1068],"product_tag":[],"class_list":{"0":"post-23534","1":"product","2":"type-product","3":"status-publish","4":"has-post-thumbnail","6":"product_cat-alimento-seco-gatos","7":"product_cat-alimentos-gatos-razas","8":"product_cat-formula-natural","9":"product_cat-gatos-razas","10":"product_cat-productos-para-gatos","11":"desktop-align-left","12":"tablet-align-left","13":"mobile-align-left","15":"first","16":"instock","17":"taxable","18":"shipping-taxable","19":"purchasable","20":"product-type-variable"},"_links":{"self":[{"href":"https:\/\/petzone.com.py\/v1\/wp-json\/wp\/v2\/product\/23534","targetHints":{"allow":["GET"]}}],"collection":[{"href":"https:\/\/petzone.com.py\/v1\/wp-json\/wp\/v2\/product"}],"about":[{"href":"https:\/\/petzone.com.py\/v1\/wp-json\/wp\/v2\/types\/product"}],"replies":[{"embeddable":true,"href":"https:\/\/petzone.com.py\/v1\/wp-json\/wp\/v2\/comments?post=23534"}],"wp:featuredmedia":[{"embeddable":true,"href":"https:\/\/petzone.com.py\/v1\/wp-json\/wp\/v2\/media\/23535"}],"wp:attachment":[{"href":"https:\/\/petzone.com.py\/v1\/wp-json\/wp\/v2\/media?parent=23534"}],"wp:term":[{"taxonomy":"product_brand","embeddable":true,"href":"https:\/\/petzone.com.py\/v1\/wp-json\/wp\/v2\/product_brand?post=23534"},{"taxonomy":"product_cat","embeddable":true,"href":"https:\/\/petzone.com.py\/v1\/wp-json\/wp\/v2\/product_cat?post=23534"},{"taxonomy":"product_tag","embeddable":true,"href":"https:\/\/petzone.com.py\/v1\/wp-json\/wp\/v2\/product_tag?post=23534"}],"curies":[{"name":"wp","href":"https:\/\/api.w.org\/{rel}","templated":true}]}}