{"id":23529,"date":"2026-02-10T10:14:05","date_gmt":"2026-02-10T13:14:05","guid":{"rendered":"https:\/\/petzone.com.py\/v1\/?post_type=product&#038;p=23529"},"modified":"2026-02-10T10:14:06","modified_gmt":"2026-02-10T13:14:06","slug":"formula-natural-vet-care-recuperacion-perros-y-gatos-pate-270-gr","status":"publish","type":"product","link":"https:\/\/petzone.com.py\/v1\/producto\/formula-natural-vet-care-recuperacion-perros-y-gatos-pate-270-gr\/","title":{"rendered":"F\u00f3rmula Natural Vet Care Recuperaci\u00f3n Perros y Gatos Pat\u00e9 270 Gr."},"content":{"rendered":"<div class=\" jet-accordion__item jet-toggle jet-toggle-move-up-effect \">\n<div id=\"jet-toggle-content-7362\" class=\"jet-toggle__content\" role=\"region\" data-toggle=\"2\" data-template-id=\"false\">\n<h2>Composici\u00f3n Basica<\/h2>\n<div class=\"jet-toggle__content-inner\">Carne de pollo separada mec\u00e1nicamente, h\u00edgado de cerdo, prote\u00edna de pollo hidrolizada, polvo de huevo, aceite de ave, aceite de pescado refinado, aceite de girasol refinado, aceite de canola refinado, fibra de ca\u00f1a de az\u00facar, harina de yuca, cloruro de sodio, cloruro de potasio, carbonato de calcio, biomasa de microalgas (Schizochytrium sp.), levadura cervecera deshidratada inactivada, pared celular de levadura, fructooligosac\u00e1ridos, inulina, extracto de yuca, goma xantana, goma guar, agua, vitaminas (A, D3, E, K3, B1, B2, B5, B6, B12, C, niacina, \u00e1cido f\u00f3lico, biotina, cloruro de colina), minerales (sulfato de hierro, sulfato de cobre, sulfato de manganeso, sulfato de zinc, yodato de calcio, selenito de sodio, organozinco, organoselena, organomanganeso), xilosa, glicina, lisina, \u00e1cido c\u00edtrico, cloruro de amonio, sulfato de amonio, metionina, taurina, tript\u00f3fano, L-carnitina, treonina, leucina, valina, isoleucina, romero, t\u00e9 verde y extractos de menta, concentrado de tocoferol.<\/div>\n<\/div>\n<\/div>\n<div class=\" jet-accordion__item jet-toggle jet-toggle-move-up-effect \">\n<div id=\"jet-toggle-control-7363\" class=\"jet-toggle__control elementor-menu-anchor\" tabindex=\"0\" role=\"button\" data-toggle=\"3\" aria-controls=\"jet-toggle-content-7363\" aria-expanded=\"false\" data-template-id=\"false\">\n<div class=\"jet-toggle__label-icon jet-toggle-icon-position-right\"><\/div>\n<\/div>\n<div id=\"jet-toggle-content-7363\" class=\"jet-toggle__content\" role=\"region\" data-toggle=\"3\" data-template-id=\"false\">\n<div class=\"jet-toggle__content-inner\">\n<table width=\"518\">\n<tbody>\n<tr>\n<td width=\"336\">Humedad (m\u00e1x)<\/td>\n<td width=\"102\">730 g\/kg<\/td>\n<td width=\"80\">73,00%<\/td>\n<\/tr>\n<tr>\n<td width=\"336\">Prote\u00edna cruda (m\u00ednima)<\/td>\n<td>110 g\/kg<\/td>\n<td>11,00%<\/td>\n<\/tr>\n<tr>\n<td width=\"336\">Extracto de \u00e9ter (min.)<\/td>\n<td>95 g\/kg<\/td>\n<td>9,50%<\/td>\n<\/tr>\n<tr>\n<td width=\"336\">Materia fibrosa (Max)<\/td>\n<td>5.000 mg\/kg<\/td>\n<td>0,50%<\/td>\n<\/tr>\n<tr>\n<td width=\"336\">Materia mineral (Max)<\/td>\n<td>20 g\/kg<\/td>\n<td>2,00%<\/td>\n<\/tr>\n<tr>\n<td width=\"336\">Calcio (m\u00e1ximo)<\/td>\n<td>3.000 mg\/kg<\/td>\n<td>0,30%<\/td>\n<\/tr>\n<tr>\n<td width=\"336\">Calcio (M\u00ednimo)<\/td>\n<td>2.000 mg\/kg<\/td>\n<td>0,20%<\/td>\n<\/tr>\n<tr>\n<td width=\"336\">F\u00f3sforo (Min.)<\/td>\n<td>1.700 mg\/kg<\/td>\n<td>0,17%<\/td>\n<\/tr>\n<tr>\n<td width=\"336\">Sodio (M\u00ednimo)<\/td>\n<td>1.200 mg\/kg<\/td>\n<td><\/td>\n<\/tr>\n<tr>\n<td width=\"336\">Potasio (m\u00ednimo)<\/td>\n<td>2.000 mg\/kg<\/td>\n<td><\/td>\n<\/tr>\n<tr>\n<td width=\"336\">Oligosac\u00e1ridos de man\u00e1n (Min.)<\/td>\n<td>50 mg\/kg<\/td>\n<td><\/td>\n<\/tr>\n<tr>\n<td width=\"336\">Fructooligosac\u00e1ridos (Min.)<\/td>\n<td>50 mg\/kg<\/td>\n<td><\/td>\n<\/tr>\n<tr>\n<td width=\"336\">Inulina (Min.)<\/td>\n<td>20 mg\/kg<\/td>\n<td><\/td>\n<\/tr>\n<tr>\n<td width=\"336\">Omega 6 (\u00e1cido linoleico) (Min.)<\/td>\n<td>7.000 mg\/kg<\/td>\n<td><\/td>\n<\/tr>\n<tr>\n<td width=\"336\">Omega 3 (EPA+DHA) (Min.)<\/td>\n<td>1.000\u00a0 mg\/kg<\/td>\n<td><\/td>\n<\/tr>\n<tr>\n<td width=\"336\">Energ\u00eda metabolizable (m\u00ednima) (C\u00e1lculo NRC)<\/td>\n<td>1.300 kcal\/kg<\/td>\n<td><\/td>\n<\/tr>\n<\/tbody>\n<\/table>\n<\/div>\n<\/div>\n<\/div>\n<div class=\" jet-accordion__item jet-toggle jet-toggle-move-up-effect \">\n<div id=\"jet-toggle-control-7364\" class=\"jet-toggle__control elementor-menu-anchor\" tabindex=\"0\" role=\"button\" data-toggle=\"4\" aria-controls=\"jet-toggle-content-7364\" aria-expanded=\"false\" data-template-id=\"false\">\n<div class=\"jet-toggle__label-icon jet-toggle-icon-position-right\"><\/div>\n<\/div>\n<div id=\"jet-toggle-content-7364\" class=\"jet-toggle__content\" role=\"region\" data-toggle=\"4\" data-template-id=\"false\">\n<div class=\"jet-toggle__content-inner\">\n<p>Vitamina A 9.500 UI; Vitamina D3 380UI; vitamina E 250UI; Vitamina K3 0,05mg; Vitamina B1 2,25mg; Vitamina B2 4,00mg; Vitamina B5 9,00mg; Vitamina B6 1,50mg; vitamina B12 37,50\u03bcg; Vitamina C 60,00mg; Niacina 12,00 mg; \u00e1cido f\u00f3lico 0,22mg; Biotina 0,07mg; Colina 600,00mg; Hierro 20,00mg; Cobre 2,80mg; Manganeso 5,25mg; Zinc 75,00mg; Yodo 0,60mg; Selenio 0,13mg.<\/p>\n<\/div>\n<\/div>\n<\/div>\n<div class=\" jet-accordion__item jet-toggle jet-toggle-move-up-effect \">\n<div id=\"jet-toggle-control-7365\" class=\"jet-toggle__control elementor-menu-anchor\" tabindex=\"0\" role=\"button\" data-toggle=\"5\" aria-controls=\"jet-toggle-content-7365\" aria-expanded=\"false\" data-template-id=\"false\">\n<h2 class=\"jet-toggle__label-icon jet-toggle-icon-position-right\">Tabla de Consumo<\/h2>\n<\/div>\n<div id=\"jet-toggle-content-7365\" class=\"jet-toggle__content\" role=\"region\" data-toggle=\"5\" data-template-id=\"false\">\n<div class=\"jet-toggle__content-inner\">\n<table width=\"515\">\n<tbody>\n<tr>\n<td width=\"89\">PERROS<\/td>\n<td width=\"117\"><\/td>\n<td width=\"59\"><\/td>\n<td width=\"59\"><\/td>\n<td width=\"59\"><\/td>\n<td width=\"59\"><\/td>\n<td width=\"73\"><\/td>\n<\/tr>\n<tr>\n<td><\/td>\n<td width=\"117\">Peso actual del perro (kg)<\/td>\n<td width=\"59\">2 \u2013 5<\/td>\n<td width=\"59\">10 \u2013 15<\/td>\n<td width=\"59\">20 \u2013 25<\/td>\n<td width=\"59\">30 \u2013 35<\/td>\n<td width=\"73\">40 \u2013 45<\/td>\n<\/tr>\n<tr>\n<td rowspan=\"2\">Cantidad (g)<\/td>\n<td width=\"117\">Descanso<\/td>\n<td width=\"59\">85 \u2013 165<\/td>\n<td width=\"59\">280 \u2013 380<\/td>\n<td width=\"59\">470 \u2013 555<\/td>\n<td width=\"59\">640 \u2013 175<\/td>\n<td width=\"73\">790 \u2013 865<\/td>\n<\/tr>\n<tr>\n<td width=\"117\">Mantenimiento<\/td>\n<td width=\"59\">115 \u2013 225<\/td>\n<td width=\"59\">380 \u2013 515<\/td>\n<td width=\"59\">680 \u2013 755<\/td>\n<td width=\"59\">865 \u2013 970<\/td>\n<td width=\"73\">1075 \u2013 1175<\/td>\n<\/tr>\n<tr>\n<td><\/td>\n<td><\/td>\n<td><\/td>\n<td><\/td>\n<td><\/td>\n<td><\/td>\n<td><\/td>\n<\/tr>\n<tr>\n<td>GATOS<\/td>\n<td><\/td>\n<td><\/td>\n<td><\/td>\n<td><\/td>\n<td><\/td>\n<td><\/td>\n<\/tr>\n<tr>\n<td><\/td>\n<td width=\"117\">Peso actual del gato (kg)<\/td>\n<td width=\"59\">2 \u2013 3<\/td>\n<td width=\"59\">4 \u2013 5<\/td>\n<td width=\"59\">6 \u2013 7<\/td>\n<td width=\"59\">8 \u2013 10<\/td>\n<td><\/td>\n<\/tr>\n<tr>\n<td rowspan=\"2\">Cantidad (g)<\/td>\n<td width=\"117\">Descanso<\/td>\n<td width=\"59\">85 \u2013 115<\/td>\n<td width=\"59\">140 \u2013 170<\/td>\n<td width=\"59\">190 \u2013 215<\/td>\n<td width=\"59\">240 \u2013 280<\/td>\n<td><\/td>\n<\/tr>\n<tr>\n<td width=\"117\">Mantenimiento<\/td>\n<td width=\"59\">115 \u2013 150<\/td>\n<td width=\"59\">180 \u2013 210<\/td>\n<td width=\"59\">235 \u2013 265<\/td>\n<td width=\"59\">290 \u2013 335<\/td>\n<\/tr>\n<\/tbody>\n<\/table>\n<\/div>\n<\/div>\n<\/div>\n","protected":false},"excerpt":{"rendered":"<p><span style=\"color: #0000ff;\"><strong>*Articulo Sujeto a Disponibilidad<\/strong><\/span><\/p>\n","protected":false},"featured_media":23531,"comment_status":"closed","ping_status":"closed","template":"","meta":{"site-sidebar-layout":"default","site-content-layout":"","ast-site-content-layout":"default","site-content-style":"default","site-sidebar-style":"default","ast-global-header-display":"","ast-banner-title-visibility":"","ast-main-header-display":"","ast-hfb-above-header-display":"","ast-hfb-below-header-display":"","ast-hfb-mobile-header-display":"","site-post-title":"","ast-breadcrumbs-content":"","ast-featured-img":"","footer-sml-layout":"","ast-disable-related-posts":"","theme-transparent-header-meta":"default","adv-header-id-meta":"","stick-header-meta":"","header-above-stick-meta":"","header-main-stick-meta":"","header-below-stick-meta":"","astra-migrate-meta-layouts":"set","ast-page-background-enabled":"default","ast-page-background-meta":{"desktop":{"background-color":"var(--ast-global-color-4)","background-image":"","background-repeat":"repeat","background-position":"center center","background-size":"auto","background-attachment":"scroll","background-type":"","background-media":"","overlay-type":"","overlay-color":"","overlay-opacity":"","overlay-gradient":""},"tablet":{"background-color":"","background-image":"","background-repeat":"repeat","background-position":"center center","background-size":"auto","background-attachment":"scroll","background-type":"","background-media":"","overlay-type":"","overlay-color":"","overlay-opacity":"","overlay-gradient":""},"mobile":{"background-color":"","background-image":"","background-repeat":"repeat","background-position":"center center","background-size":"auto","background-attachment":"scroll","background-type":"","background-media":"","overlay-type":"","overlay-color":"","overlay-opacity":"","overlay-gradient":""}},"ast-content-background-meta":{"desktop":{"background-color":"var(--ast-global-color-5)","background-image":"","background-repeat":"repeat","background-position":"center center","background-size":"auto","background-attachment":"scroll","background-type":"","background-media":"","overlay-type":"","overlay-color":"","overlay-opacity":"","overlay-gradient":""},"tablet":{"background-color":"var(--ast-global-color-5)","background-image":"","background-repeat":"repeat","background-position":"center center","background-size":"auto","background-attachment":"scroll","background-type":"","background-media":"","overlay-type":"","overlay-color":"","overlay-opacity":"","overlay-gradient":""},"mobile":{"background-color":"var(--ast-global-color-5)","background-image":"","background-repeat":"repeat","background-position":"center center","background-size":"auto","background-attachment":"scroll","background-type":"","background-media":"","overlay-type":"","overlay-color":"","overlay-opacity":"","overlay-gradient":""}}},"product_brand":[],"product_cat":[118,90,119,91,116,88,1259,40,16,1068,1067],"product_tag":[],"class_list":{"0":"post-23529","1":"product","2":"type-product","3":"status-publish","4":"has-post-thumbnail","6":"product_cat-alimento-humedo-alimentos-gatos-razas","7":"product_cat-alimento-humedo-perros","8":"product_cat-alimento-medicado-alimentos-gatos-razas","9":"product_cat-alimento-medicado-perros","10":"product_cat-alimentos-gatos-razas","11":"product_cat-alimentos-perros","12":"product_cat-formula-natural","13":"product_cat-gatos-razas","14":"product_cat-perros","15":"product_cat-productos-para-gatos","16":"product_cat-productos-para-perros","17":"desktop-align-left","18":"tablet-align-left","19":"mobile-align-left","21":"first","22":"instock","23":"taxable","24":"shipping-taxable","25":"purchasable","26":"product-type-simple"},"_links":{"self":[{"href":"https:\/\/petzone.com.py\/v1\/wp-json\/wp\/v2\/product\/23529","targetHints":{"allow":["GET"]}}],"collection":[{"href":"https:\/\/petzone.com.py\/v1\/wp-json\/wp\/v2\/product"}],"about":[{"href":"https:\/\/petzone.com.py\/v1\/wp-json\/wp\/v2\/types\/product"}],"replies":[{"embeddable":true,"href":"https:\/\/petzone.com.py\/v1\/wp-json\/wp\/v2\/comments?post=23529"}],"wp:featuredmedia":[{"embeddable":true,"href":"https:\/\/petzone.com.py\/v1\/wp-json\/wp\/v2\/media\/23531"}],"wp:attachment":[{"href":"https:\/\/petzone.com.py\/v1\/wp-json\/wp\/v2\/media?parent=23529"}],"wp:term":[{"taxonomy":"product_brand","embeddable":true,"href":"https:\/\/petzone.com.py\/v1\/wp-json\/wp\/v2\/product_brand?post=23529"},{"taxonomy":"product_cat","embeddable":true,"href":"https:\/\/petzone.com.py\/v1\/wp-json\/wp\/v2\/product_cat?post=23529"},{"taxonomy":"product_tag","embeddable":true,"href":"https:\/\/petzone.com.py\/v1\/wp-json\/wp\/v2\/product_tag?post=23529"}],"curies":[{"name":"wp","href":"https:\/\/api.w.org\/{rel}","templated":true}]}}