{"id":23528,"date":"2026-02-10T10:14:32","date_gmt":"2026-02-10T13:14:32","guid":{"rendered":"https:\/\/petzone.com.py\/v1\/?post_type=product&#038;p=23528"},"modified":"2026-02-10T10:14:37","modified_gmt":"2026-02-10T13:14:37","slug":"formula-natural-vet-care-obesidade-para-perros-pate-270-g","status":"publish","type":"product","link":"https:\/\/petzone.com.py\/v1\/producto\/formula-natural-vet-care-obesidade-para-perros-pate-270-g\/","title":{"rendered":"F\u00f3rmula Natural Vet Care Obesidade Para Perros pate 270 g"},"content":{"rendered":"<div class=\" jet-accordion__item jet-toggle jet-toggle-move-up-effect \">\n<div id=\"jet-toggle-content-7362\" class=\"jet-toggle__content\" role=\"region\" data-toggle=\"2\" data-template-id=\"false\">\n<h2>Composici\u00f3n Basica<\/h2>\n<div class=\"jet-toggle__content-inner\">Agua, carne de corral separada mec\u00e1nicamente, h\u00edgado de cerdo, almid\u00f3n de yuca, fibra de ca\u00f1a de az\u00facar, levadura cervecera deshidratada inactivada, aceite de salm\u00f3n, aceite de girasol, polvo de huevo, hidrolizado de v\u00edsceras y v\u00edsceras de corral y cerdo, carragenina, goma de guar, biomasa de microalgas (Schizochytrium sp.), pared celular de levadura, fructoooosac\u00e1ridos, inulina, extracto de yuca, vitaminas (retinol, colecalciferol, acetato DL-alfa-tocoferilo, bisulfito de menadiona s\u00f3dica, \u00e1cido asc\u00f3rbico, cloruro de tiamina, riboflavina, piridoxina, cianocobalamina, biotina, pantotenato de calcio, \u00e1cido f\u00f3lico, niacina, cloruro de colina), minerales (sulfato de hierro, sulfato de cobre, yodato de calcio, cloruro de potasio, proteinato de zinc, sulfato de zinc, proteinato de manganeso, sulfato de manganeso, levadura enriquecida con selenio, selenito s\u00f3dico), carbonato de calcio, taurina, metionina, tript\u00f3fano, glicina, treonina, leucina, valina, isoleucina y concentrado de tocoferol.<\/div>\n<\/div>\n<\/div>\n<div class=\" jet-accordion__item jet-toggle jet-toggle-move-up-effect \">\n<div id=\"jet-toggle-control-7363\" class=\"jet-toggle__control elementor-menu-anchor\" tabindex=\"0\" role=\"button\" data-toggle=\"3\" aria-controls=\"jet-toggle-content-7363\" aria-expanded=\"false\" data-template-id=\"false\">\n<div class=\"jet-toggle__label-icon jet-toggle-icon-position-right\"><\/div>\n<\/div>\n<div id=\"jet-toggle-content-7363\" class=\"jet-toggle__content\" role=\"region\" data-toggle=\"3\" data-template-id=\"false\">\n<div class=\"jet-toggle__content-inner\">\n<table width=\"408\">\n<tbody>\n<tr>\n<td width=\"202\">Humedad (m\u00e1x)<\/td>\n<td width=\"103\">720 g\/kg<\/td>\n<td width=\"103\">72,000%<\/td>\n<\/tr>\n<tr>\n<td width=\"202\">Prote\u00edna cruda (m\u00ednima)<\/td>\n<td width=\"103\">42 g\/kg<\/td>\n<td width=\"103\">4,200%<\/td>\n<\/tr>\n<tr>\n<td width=\"202\">Extracto de \u00e9ter (min.)<\/td>\n<td width=\"103\">78 g\/kg<\/td>\n<td width=\"103\">7,800%<\/td>\n<\/tr>\n<tr>\n<td width=\"202\">Materia fibrosa (Max)<\/td>\n<td width=\"103\">8,5 g\/kg<\/td>\n<td width=\"103\">0,850%<\/td>\n<\/tr>\n<tr>\n<td width=\"202\">Materia mineral (Max)<\/td>\n<td width=\"103\">17 g\/kg<\/td>\n<td width=\"103\">1,700%<\/td>\n<\/tr>\n<tr>\n<td width=\"202\">Calcio (m\u00e1ximo)<\/td>\n<td width=\"103\">2.200 mg\/kg<\/td>\n<td width=\"103\">0,220%<\/td>\n<\/tr>\n<tr>\n<td width=\"202\">Calcio (M\u00ednimo)<\/td>\n<td width=\"103\">1.000 mg\/kg<\/td>\n<td width=\"103\">0,100%<\/td>\n<\/tr>\n<tr>\n<td width=\"202\">F\u00f3sforo (Max)<\/td>\n<td width=\"103\">1.300 mg\/kg<\/td>\n<td width=\"103\">0,130%<\/td>\n<\/tr>\n<tr>\n<td width=\"202\">F\u00f3sforo (Min.)<\/td>\n<td width=\"103\">900 mg\/kg<\/td>\n<td width=\"103\">0,090%<\/td>\n<\/tr>\n<tr>\n<td width=\"202\">Sodio (M\u00ednimo)<\/td>\n<td width=\"103\">600 mg\/kg<\/td>\n<td width=\"103\">0,060%<\/td>\n<\/tr>\n<tr>\n<td width=\"202\">Potasio (m\u00ednimo)<\/td>\n<td width=\"103\">1.700 mg\/kg<\/td>\n<td width=\"103\"><\/td>\n<\/tr>\n<tr>\n<td width=\"202\">Oligosac\u00e1ridos de man\u00e1n (Min.)<\/td>\n<td width=\"103\">50 mg\/kg<\/td>\n<td width=\"103\"><\/td>\n<\/tr>\n<tr>\n<td width=\"202\">Fructooligosac\u00e1ridos (Min.)<\/td>\n<td width=\"103\">50 mg\/kg<\/td>\n<td width=\"103\"><\/td>\n<\/tr>\n<tr>\n<td width=\"202\">Inulina (Min.)<\/td>\n<td width=\"103\">20 mg\/kg<\/td>\n<td width=\"103\"><\/td>\n<\/tr>\n<tr>\n<td width=\"202\">Omega 6 (\u00e1cido linoleico) (Min.)<\/td>\n<td width=\"103\">40 g\/kg<\/td>\n<td width=\"103\"><\/td>\n<\/tr>\n<tr>\n<td width=\"202\">Omega 3 (\u00e1cido linol\u00e9nico) (Min.)<\/td>\n<td width=\"103\">2.800 mg\/kg<\/td>\n<td width=\"103\"><\/td>\n<\/tr>\n<tr>\n<td>(EPA+DHA) (Min.)<\/td>\n<td width=\"103\">1.400 mg\/kg<\/td>\n<td width=\"103\"><\/td>\n<\/tr>\n<tr>\n<td width=\"202\">Energ\u00eda metabolizable (m\u00ednima) (C\u00e1lculo NRC)<\/td>\n<td width=\"103\">1.300 kcal\/kg<\/td>\n<td width=\"103\"><\/td>\n<\/tr>\n<\/tbody>\n<\/table>\n<\/div>\n<\/div>\n<\/div>\n<div class=\" jet-accordion__item jet-toggle jet-toggle-move-up-effect \">\n<div id=\"jet-toggle-control-7364\" class=\"jet-toggle__control elementor-menu-anchor\" tabindex=\"0\" role=\"button\" data-toggle=\"4\" aria-controls=\"jet-toggle-content-7364\" aria-expanded=\"false\" data-template-id=\"false\">\n<div class=\"jet-toggle__label-icon jet-toggle-icon-position-right\"><\/div>\n<\/div>\n<div id=\"jet-toggle-content-7364\" class=\"jet-toggle__content\" role=\"region\" data-toggle=\"4\" data-template-id=\"false\">\n<div class=\"jet-toggle__content-inner\">\n<p>Vitamina A 5.000 UI; vitamina D3 250UI; vitamina E 150UI; Vitamina C 150mg; Vitamina K 0,05mg; Vitamina B1 1.125mg; Vitamina B2 2 mg; Vitamina B6 0,75mg; Vitamina B12 19mcg; Biotina 0,038mg; \u00c1cido pantot\u00e9nico 4,5 mg; \u00c1cido f\u00f3lico 0,113 mg; Niacina 6mg; Colina 500mg; Hierro 15mg; Cobre 2,25mg; Yodo 0,3mg; Manganeso 0,75mg; Zinc 30mg; Zinc quelado 15mg; Selenio 0,15mg; Selenio complejo 0,09mg; Prote\u00edna de manganeso 3,75 mg.<\/p>\n<\/div>\n<\/div>\n<\/div>\n<div class=\" jet-accordion__item jet-toggle jet-toggle-move-up-effect \">\n<div id=\"jet-toggle-control-7365\" class=\"jet-toggle__control elementor-menu-anchor\" tabindex=\"0\" role=\"button\" data-toggle=\"5\" aria-controls=\"jet-toggle-content-7365\" aria-expanded=\"false\" data-template-id=\"false\">\n<h2 class=\"jet-toggle__label-icon jet-toggle-icon-position-right\">Tabla de Consumo<\/h2>\n<\/div>\n<div id=\"jet-toggle-content-7365\" class=\"jet-toggle__content\" role=\"region\" data-toggle=\"5\" data-template-id=\"false\">\n<div class=\"jet-toggle__content-inner\">\n<table width=\"408\">\n<tbody>\n<tr>\n<td width=\"202\">Peso actual del perro (kg)<\/td>\n<td width=\"103\">Cantidad (g)<\/td>\n<td width=\"103\"><\/td>\n<\/tr>\n<tr>\n<td><\/td>\n<td width=\"103\">Recuperaci\u00f3n<\/td>\n<td width=\"103\">Mantenimiento<\/td>\n<\/tr>\n<tr>\n<td>2 \u2013 3<\/td>\n<td>90 \u2013 120<\/td>\n<td>120 \u2013 165<\/td>\n<\/tr>\n<tr>\n<td>4 \u2013 5<\/td>\n<td>150 \u2013 180<\/td>\n<td>205 \u2013 240<\/td>\n<\/tr>\n<tr>\n<td>6 \u2013 7<\/td>\n<td>205 \u2013 230<\/td>\n<td>275 \u2013 310<\/td>\n<\/tr>\n<tr>\n<td>8 \u2013 9<\/td>\n<td>250 \u2013 275<\/td>\n<td>345 \u2013 375<\/td>\n<\/tr>\n<tr>\n<td>10 \u2013 15<\/td>\n<td>300 \u2013 405<\/td>\n<td>410 \u2013 550<\/td>\n<\/tr>\n<tr>\n<td>20 \u2013 25<\/td>\n<td>505 \u2013 595<\/td>\n<td>685 \u2013 810<\/td>\n<\/tr>\n<tr>\n<td>30 \u2013 35<\/td>\n<td>685 \u2013 770<\/td>\n<td>930 \u2013 1040<\/td>\n<\/tr>\n<tr>\n<td>40 \u2013 45<\/td>\n<td>850 \u2013 925<\/td>\n<td>1150 \u2013 1260<\/td>\n<\/tr>\n<\/tbody>\n<\/table>\n<\/div>\n<\/div>\n<\/div>\n","protected":false},"excerpt":{"rendered":"<p><span style=\"color: #0000ff;\"><strong>*Articulo Sujeto a Disponibilidad<\/strong><\/span><\/p>\n","protected":false},"featured_media":23530,"comment_status":"closed","ping_status":"closed","template":"","meta":{"site-sidebar-layout":"default","site-content-layout":"","ast-site-content-layout":"default","site-content-style":"default","site-sidebar-style":"default","ast-global-header-display":"","ast-banner-title-visibility":"","ast-main-header-display":"","ast-hfb-above-header-display":"","ast-hfb-below-header-display":"","ast-hfb-mobile-header-display":"","site-post-title":"","ast-breadcrumbs-content":"","ast-featured-img":"","footer-sml-layout":"","ast-disable-related-posts":"","theme-transparent-header-meta":"default","adv-header-id-meta":"","stick-header-meta":"","header-above-stick-meta":"","header-main-stick-meta":"","header-below-stick-meta":"","astra-migrate-meta-layouts":"set","ast-page-background-enabled":"default","ast-page-background-meta":{"desktop":{"background-color":"var(--ast-global-color-4)","background-image":"","background-repeat":"repeat","background-position":"center center","background-size":"auto","background-attachment":"scroll","background-type":"","background-media":"","overlay-type":"","overlay-color":"","overlay-opacity":"","overlay-gradient":""},"tablet":{"background-color":"","background-image":"","background-repeat":"repeat","background-position":"center center","background-size":"auto","background-attachment":"scroll","background-type":"","background-media":"","overlay-type":"","overlay-color":"","overlay-opacity":"","overlay-gradient":""},"mobile":{"background-color":"","background-image":"","background-repeat":"repeat","background-position":"center center","background-size":"auto","background-attachment":"scroll","background-type":"","background-media":"","overlay-type":"","overlay-color":"","overlay-opacity":"","overlay-gradient":""}},"ast-content-background-meta":{"desktop":{"background-color":"var(--ast-global-color-5)","background-image":"","background-repeat":"repeat","background-position":"center center","background-size":"auto","background-attachment":"scroll","background-type":"","background-media":"","overlay-type":"","overlay-color":"","overlay-opacity":"","overlay-gradient":""},"tablet":{"background-color":"var(--ast-global-color-5)","background-image":"","background-repeat":"repeat","background-position":"center center","background-size":"auto","background-attachment":"scroll","background-type":"","background-media":"","overlay-type":"","overlay-color":"","overlay-opacity":"","overlay-gradient":""},"mobile":{"background-color":"var(--ast-global-color-5)","background-image":"","background-repeat":"repeat","background-position":"center center","background-size":"auto","background-attachment":"scroll","background-type":"","background-media":"","overlay-type":"","overlay-color":"","overlay-opacity":"","overlay-gradient":""}}},"product_brand":[],"product_cat":[90,91,88,1259,16,1067],"product_tag":[],"class_list":{"0":"post-23528","1":"product","2":"type-product","3":"status-publish","4":"has-post-thumbnail","6":"product_cat-alimento-humedo-perros","7":"product_cat-alimento-medicado-perros","8":"product_cat-alimentos-perros","9":"product_cat-formula-natural","10":"product_cat-perros","11":"product_cat-productos-para-perros","12":"desktop-align-left","13":"tablet-align-left","14":"mobile-align-left","16":"first","17":"instock","18":"taxable","19":"shipping-taxable","20":"purchasable","21":"product-type-simple"},"_links":{"self":[{"href":"https:\/\/petzone.com.py\/v1\/wp-json\/wp\/v2\/product\/23528","targetHints":{"allow":["GET"]}}],"collection":[{"href":"https:\/\/petzone.com.py\/v1\/wp-json\/wp\/v2\/product"}],"about":[{"href":"https:\/\/petzone.com.py\/v1\/wp-json\/wp\/v2\/types\/product"}],"replies":[{"embeddable":true,"href":"https:\/\/petzone.com.py\/v1\/wp-json\/wp\/v2\/comments?post=23528"}],"wp:featuredmedia":[{"embeddable":true,"href":"https:\/\/petzone.com.py\/v1\/wp-json\/wp\/v2\/media\/23530"}],"wp:attachment":[{"href":"https:\/\/petzone.com.py\/v1\/wp-json\/wp\/v2\/media?parent=23528"}],"wp:term":[{"taxonomy":"product_brand","embeddable":true,"href":"https:\/\/petzone.com.py\/v1\/wp-json\/wp\/v2\/product_brand?post=23528"},{"taxonomy":"product_cat","embeddable":true,"href":"https:\/\/petzone.com.py\/v1\/wp-json\/wp\/v2\/product_cat?post=23528"},{"taxonomy":"product_tag","embeddable":true,"href":"https:\/\/petzone.com.py\/v1\/wp-json\/wp\/v2\/product_tag?post=23528"}],"curies":[{"name":"wp","href":"https:\/\/api.w.org\/{rel}","templated":true}]}}