{"id":23522,"date":"2026-02-10T10:13:59","date_gmt":"2026-02-10T13:13:59","guid":{"rendered":"https:\/\/petzone.com.py\/v1\/?post_type=product&#038;p=23522"},"modified":"2026-02-10T10:14:01","modified_gmt":"2026-02-10T13:14:01","slug":"formula-natural-vet-care-renal-para-perros","status":"publish","type":"product","link":"https:\/\/petzone.com.py\/v1\/producto\/formula-natural-vet-care-renal-para-perros\/","title":{"rendered":"F\u00f3rmula Natural Vet Care Renal Para Perros"},"content":{"rendered":"<div class=\" jet-accordion__item jet-toggle jet-toggle-move-up-effect \">\n<div id=\"jet-toggle-content-7362\" class=\"jet-toggle__content\" role=\"region\" data-toggle=\"2\" data-template-id=\"false\">\n<h2 class=\"jet-toggle__content-inner\">Composici\u00f3n Basica<\/h2>\n<p class=\"jet-toggle__content-inner\">Carne de pollo con hueso, h\u00edgado de pollo, prote\u00edna hidrolizada de aves de corral, arroz roto, harina de corteza de cerdo, levadura cervecera intivada deshidratada, fibra de ca\u00f1a de az\u00facar, pulpa de remolacha, aceite de ave, aceite de salm\u00f3n, aceite de linaza, h\u00edgado de v\u00eda hidrolizada y v\u00edsceras de cerdo, harina de lino, cloruro de sodio, polvo de huevo, biomasa de microalgas (Schizochytrium sp.). pared celular de levadura, fructooligosac\u00e1ridos, inulina, probi\u00f3tico, extracto de yuca, vitaminas (retinol, colecalciferol, acetato DL-alfa-tocoferilo, bisulfito de menadiona s\u00f3dica, \u00e1cido asc\u00f3rbico, clorhidrato de tiamina, riboflavina, piridoxina, cianocobalamina, biotina, pantotenato de calcio, \u00e1cido f\u00f3lico, niacina, cloruro de colina), minerales (sulfato de hierro, sulfato de cobre, yodato de calcio, cloruro de potasio, proteinato de zinc, sulfato de zinc, sulfato de manganeso, levadura enriquecida con selenio, selenito s\u00f3dico, proteinato de manganeso), carbonato de calcio, taurina, leucina, valina, isoleucina, treonina, tript\u00f3fano, extracto de t\u00e9 verde, extracto de romero, c\u00farcuma, concentrado de tocoferol (antioxidante natural) (0,01%).<\/p>\n<\/div>\n<\/div>\n<div class=\" jet-accordion__item jet-toggle jet-toggle-move-up-effect \">\n<div id=\"jet-toggle-control-7363\" class=\"jet-toggle__control elementor-menu-anchor\" tabindex=\"0\" role=\"button\" data-toggle=\"3\" aria-controls=\"jet-toggle-content-7363\" aria-expanded=\"false\" data-template-id=\"false\">\n<div class=\"jet-toggle__label-icon jet-toggle-icon-position-right\"><\/div>\n<\/div>\n<div id=\"jet-toggle-content-7363\" class=\"jet-toggle__content\" role=\"region\" data-toggle=\"3\" data-template-id=\"false\">\n<div class=\"jet-toggle__content-inner\">\n<table width=\"408\">\n<tbody>\n<tr>\n<td width=\"202\">Humedad (m\u00e1x)<\/td>\n<td width=\"103\">100 g\/kg<\/td>\n<td width=\"103\">10,0%<\/td>\n<\/tr>\n<tr>\n<td width=\"202\">Prote\u00edna cruda (m\u00ednima)<\/td>\n<td width=\"103\">140 g\/kg<\/td>\n<td width=\"103\">14,0%<\/td>\n<\/tr>\n<tr>\n<td width=\"202\">Extracto de \u00e9ter (min.)<\/td>\n<td width=\"103\">170 g\/kg<\/td>\n<td width=\"103\">17,0%<\/td>\n<\/tr>\n<tr>\n<td width=\"202\">Materia fibrosa (Max)<\/td>\n<td width=\"103\">30 g\/kg<\/td>\n<td width=\"103\">3,0%<\/td>\n<\/tr>\n<tr>\n<td width=\"202\">Materia mineral (Max)<\/td>\n<td width=\"103\">55 g\/kg<\/td>\n<td width=\"103\">5,5%<\/td>\n<\/tr>\n<tr>\n<td width=\"202\">Calcio (m\u00e1ximo)<\/td>\n<td width=\"103\">8.500 mg\/kg<\/td>\n<td width=\"103\">0,85%<\/td>\n<\/tr>\n<tr>\n<td width=\"202\">Calcio (M\u00ednimo)<\/td>\n<td width=\"103\">4.500 mg\/kg<\/td>\n<td width=\"103\">0,45%<\/td>\n<\/tr>\n<tr>\n<td width=\"202\">F\u00f3sforo (Min.)<\/td>\n<td width=\"103\">2.000 mg\/kg<\/td>\n<td width=\"103\">0,20%<\/td>\n<\/tr>\n<tr>\n<td width=\"202\">F\u00f3sforo (Max)<\/td>\n<td width=\"103\">3.500 mg\/kg<\/td>\n<td width=\"103\">0,35%<\/td>\n<\/tr>\n<tr>\n<td width=\"202\">Sodio (M\u00ednimo)<\/td>\n<td width=\"103\">2.000 mg\/kg<\/td>\n<td width=\"103\"><\/td>\n<\/tr>\n<tr>\n<td width=\"202\">Potasio (m\u00ednimo)<\/td>\n<td width=\"103\">5.000 mg\/kg<\/td>\n<td width=\"103\"><\/td>\n<\/tr>\n<tr>\n<td width=\"202\">Oligosac\u00e1ridos de man\u00e1n (Min.)<\/td>\n<td width=\"103\">600 mg\/kg<\/td>\n<td width=\"103\"><\/td>\n<\/tr>\n<tr>\n<td width=\"202\">Fructooligosac\u00e1ridos (Min.)<\/td>\n<td width=\"103\">\u00a0\u00a0\u00a0\u00a0\u00a0 300 mg\/kg<\/td>\n<td width=\"103\"><\/td>\n<\/tr>\n<tr>\n<td width=\"202\">Bacillus subtilis (Min.)<\/td>\n<td width=\"103\">1,20 x 10\u00b9\u00b2 CFU\/g<\/td>\n<td width=\"103\"><\/td>\n<\/tr>\n<tr>\n<td width=\"202\">Bifidobacterium bifidum (Min.)<\/td>\n<td width=\"103\">1,20 x 10\u00b9\u00b2 CFU\/g<\/td>\n<td width=\"103\"><\/td>\n<\/tr>\n<tr>\n<td width=\"202\">Enterococcus faecium (Min.)<\/td>\n<td width=\"103\">2,40 x 10\u00b9\u00b2 CFU\/g<\/td>\n<td width=\"103\"><\/td>\n<\/tr>\n<tr>\n<td>Lactobacillus acidophilus (Min.)<\/td>\n<td width=\"103\">3,00 x 10\u00b9\u00b2 CFU\/g<\/td>\n<td width=\"103\"><\/td>\n<\/tr>\n<tr>\n<td width=\"202\">Lacticaseibacillus casei (Min.)<\/td>\n<td width=\"103\">2,40 x 10\u00b9\u00b2 CFU\/g<\/td>\n<td width=\"103\"><\/td>\n<\/tr>\n<tr>\n<td width=\"202\">Lactobacillus lactis (Min.)<\/td>\n<td width=\"103\">1,80 x 10\u00b9\u00b2 CFU\/g<\/td>\n<td width=\"103\"><\/td>\n<\/tr>\n<tr>\n<td width=\"202\">Inulina (Min.)<\/td>\n<td width=\"103\">100 mg\/kg<\/td>\n<td width=\"103\"><\/td>\n<\/tr>\n<tr>\n<td width=\"202\">Omega 6 (\u00c1cido Linoleico) (Min.)<\/td>\n<td width=\"103\">25 g\/kg<\/td>\n<td width=\"103\"><\/td>\n<\/tr>\n<tr>\n<td width=\"202\">Omega 3 (\u00e1cido linol\u00e9nico) (Min.)<\/td>\n<td width=\"103\">5.000 mg\/kg<\/td>\n<td width=\"103\"><\/td>\n<\/tr>\n<tr>\n<td width=\"202\">EPA+DHA (Min.)<\/td>\n<td width=\"103\">2.500 mg\/kg<\/td>\n<td width=\"103\"><\/td>\n<\/tr>\n<tr>\n<td width=\"202\">Energ\u00eda metabolizable (m\u00ednima) (C\u00e1lculo NRC)<\/td>\n<td width=\"103\">4.000 kcal\/kg<\/td>\n<td width=\"103\"><\/td>\n<\/tr>\n<\/tbody>\n<\/table>\n<\/div>\n<\/div>\n<\/div>\n<div class=\" jet-accordion__item jet-toggle jet-toggle-move-up-effect \">\n<div id=\"jet-toggle-control-7364\" class=\"jet-toggle__control elementor-menu-anchor\" tabindex=\"0\" role=\"button\" data-toggle=\"4\" aria-controls=\"jet-toggle-content-7364\" aria-expanded=\"false\" data-template-id=\"false\">\n<div class=\"jet-toggle__label-icon jet-toggle-icon-position-right\"><\/div>\n<\/div>\n<div id=\"jet-toggle-content-7364\" class=\"jet-toggle__content\" role=\"region\" data-toggle=\"4\" data-template-id=\"false\">\n<div class=\"jet-toggle__content-inner\">\n<p>vitamina A 20.000 UI; Vitamina D3 1.000 UI; vitamina E 600UI; Vitamina K 0,15mg; Vitamina B1 4,4mg; Vitamina B2 8,0mg; Vitamina B6 3mg; Vitamina B12 75mcg; Biotina 0,15mg; Vitamina C 150mg; \u00e1cido f\u00f3lico 0,45mg; \u00c1cido pantot\u00e9nico 18mg; Niacina 24mg; Colina 2.000 mg; Hierro 60mg; Cobre 9 mg; Yodo 1,2mg; Manganeso 3,0mg; Zinc 120mg; Zinc quelado 67,5mg; Selenio 0,60mg; Selenio complejo 0,37mg; Prote\u00edna de manganeso 15mg.<\/p>\n<\/div>\n<\/div>\n<\/div>\n<div class=\" jet-accordion__item jet-toggle jet-toggle-move-up-effect \">\n<div id=\"jet-toggle-control-7365\" class=\"jet-toggle__control elementor-menu-anchor\" tabindex=\"0\" role=\"button\" data-toggle=\"5\" aria-controls=\"jet-toggle-content-7365\" aria-expanded=\"false\" data-template-id=\"false\">\n<h2 class=\"jet-toggle__label-icon jet-toggle-icon-position-right\">Tabla de Consumo<\/h2>\n<\/div>\n<div id=\"jet-toggle-content-7365\" class=\"jet-toggle__content\" role=\"region\" data-toggle=\"5\" data-template-id=\"false\">\n<div class=\"jet-toggle__content-inner\">\n<table width=\"408\">\n<tbody>\n<tr>\n<td width=\"202\">Peso actual del perro (kg)<\/td>\n<td width=\"103\">Cantidad (g)<\/td>\n<td width=\"103\"><\/td>\n<\/tr>\n<tr>\n<td><\/td>\n<td width=\"103\">Mantenimiento<\/td>\n<td width=\"103\">Recuperaci\u00f3n<\/td>\n<\/tr>\n<tr>\n<td>2<\/td>\n<td>40<\/td>\n<td>30<\/td>\n<\/tr>\n<tr>\n<td>5<\/td>\n<td>80<\/td>\n<td>60<\/td>\n<\/tr>\n<tr>\n<td>10<\/td>\n<td>130<\/td>\n<td>100<\/td>\n<\/tr>\n<tr>\n<td>15<\/td>\n<td>180<\/td>\n<td>130<\/td>\n<\/tr>\n<tr>\n<td>20<\/td>\n<td>225<\/td>\n<td>165<\/td>\n<\/tr>\n<tr>\n<td>25<\/td>\n<td>265<\/td>\n<td>195<\/td>\n<\/tr>\n<tr>\n<td width=\"202\">30<\/td>\n<td width=\"103\">300<\/td>\n<td width=\"103\">220<\/td>\n<\/tr>\n<tr>\n<td width=\"202\">35<\/td>\n<td width=\"103\">340<\/td>\n<td width=\"103\">250<\/td>\n<\/tr>\n<tr>\n<td width=\"202\">40<\/td>\n<td width=\"103\">375<\/td>\n<td width=\"103\">275<\/td>\n<\/tr>\n<tr>\n<td width=\"202\">45<\/td>\n<td width=\"103\">410<\/td>\n<td width=\"103\">300<\/td>\n<\/tr>\n<\/tbody>\n<\/table>\n<\/div>\n<\/div>\n<\/div>\n","protected":false},"excerpt":{"rendered":"<p><span style=\"color: #0000ff;\"><strong>*Articulo Sujeto a Disponibilidad<\/strong><\/span><\/p>\n","protected":false},"featured_media":23525,"comment_status":"closed","ping_status":"closed","template":"","meta":{"site-sidebar-layout":"default","site-content-layout":"","ast-site-content-layout":"default","site-content-style":"default","site-sidebar-style":"default","ast-global-header-display":"","ast-banner-title-visibility":"","ast-main-header-display":"","ast-hfb-above-header-display":"","ast-hfb-below-header-display":"","ast-hfb-mobile-header-display":"","site-post-title":"","ast-breadcrumbs-content":"","ast-featured-img":"","footer-sml-layout":"","ast-disable-related-posts":"","theme-transparent-header-meta":"default","adv-header-id-meta":"","stick-header-meta":"","header-above-stick-meta":"","header-main-stick-meta":"","header-below-stick-meta":"","astra-migrate-meta-layouts":"set","ast-page-background-enabled":"default","ast-page-background-meta":{"desktop":{"background-color":"var(--ast-global-color-4)","background-image":"","background-repeat":"repeat","background-position":"center center","background-size":"auto","background-attachment":"scroll","background-type":"","background-media":"","overlay-type":"","overlay-color":"","overlay-opacity":"","overlay-gradient":""},"tablet":{"background-color":"","background-image":"","background-repeat":"repeat","background-position":"center center","background-size":"auto","background-attachment":"scroll","background-type":"","background-media":"","overlay-type":"","overlay-color":"","overlay-opacity":"","overlay-gradient":""},"mobile":{"background-color":"","background-image":"","background-repeat":"repeat","background-position":"center center","background-size":"auto","background-attachment":"scroll","background-type":"","background-media":"","overlay-type":"","overlay-color":"","overlay-opacity":"","overlay-gradient":""}},"ast-content-background-meta":{"desktop":{"background-color":"var(--ast-global-color-5)","background-image":"","background-repeat":"repeat","background-position":"center center","background-size":"auto","background-attachment":"scroll","background-type":"","background-media":"","overlay-type":"","overlay-color":"","overlay-opacity":"","overlay-gradient":""},"tablet":{"background-color":"var(--ast-global-color-5)","background-image":"","background-repeat":"repeat","background-position":"center center","background-size":"auto","background-attachment":"scroll","background-type":"","background-media":"","overlay-type":"","overlay-color":"","overlay-opacity":"","overlay-gradient":""},"mobile":{"background-color":"var(--ast-global-color-5)","background-image":"","background-repeat":"repeat","background-position":"center center","background-size":"auto","background-attachment":"scroll","background-type":"","background-media":"","overlay-type":"","overlay-color":"","overlay-opacity":"","overlay-gradient":""}}},"product_brand":[],"product_cat":[91,88,1259,16,1067],"product_tag":[],"class_list":{"0":"post-23522","1":"product","2":"type-product","3":"status-publish","4":"has-post-thumbnail","6":"product_cat-alimento-medicado-perros","7":"product_cat-alimentos-perros","8":"product_cat-formula-natural","9":"product_cat-perros","10":"product_cat-productos-para-perros","11":"desktop-align-left","12":"tablet-align-left","13":"mobile-align-left","15":"first","16":"instock","17":"taxable","18":"shipping-taxable","19":"purchasable","20":"product-type-variable"},"_links":{"self":[{"href":"https:\/\/petzone.com.py\/v1\/wp-json\/wp\/v2\/product\/23522","targetHints":{"allow":["GET"]}}],"collection":[{"href":"https:\/\/petzone.com.py\/v1\/wp-json\/wp\/v2\/product"}],"about":[{"href":"https:\/\/petzone.com.py\/v1\/wp-json\/wp\/v2\/types\/product"}],"replies":[{"embeddable":true,"href":"https:\/\/petzone.com.py\/v1\/wp-json\/wp\/v2\/comments?post=23522"}],"wp:featuredmedia":[{"embeddable":true,"href":"https:\/\/petzone.com.py\/v1\/wp-json\/wp\/v2\/media\/23525"}],"wp:attachment":[{"href":"https:\/\/petzone.com.py\/v1\/wp-json\/wp\/v2\/media?parent=23522"}],"wp:term":[{"taxonomy":"product_brand","embeddable":true,"href":"https:\/\/petzone.com.py\/v1\/wp-json\/wp\/v2\/product_brand?post=23522"},{"taxonomy":"product_cat","embeddable":true,"href":"https:\/\/petzone.com.py\/v1\/wp-json\/wp\/v2\/product_cat?post=23522"},{"taxonomy":"product_tag","embeddable":true,"href":"https:\/\/petzone.com.py\/v1\/wp-json\/wp\/v2\/product_tag?post=23522"}],"curies":[{"name":"wp","href":"https:\/\/api.w.org\/{rel}","templated":true}]}}