{"id":23505,"date":"2026-02-10T10:13:47","date_gmt":"2026-02-10T13:13:47","guid":{"rendered":"https:\/\/petzone.com.py\/v1\/?post_type=product&#038;p=23505"},"modified":"2026-02-10T10:13:49","modified_gmt":"2026-02-10T13:13:49","slug":"formula-natural-vet-care-obesidad-para-perros-medio-y-grande-101-kg","status":"publish","type":"product","link":"https:\/\/petzone.com.py\/v1\/producto\/formula-natural-vet-care-obesidad-para-perros-medio-y-grande-101-kg\/","title":{"rendered":"F\u00f3rmula Natural Vet Care Obesidad Para Perros Medio y Grande 10,1 Kg"},"content":{"rendered":"<div class=\" jet-accordion__item jet-toggle jet-toggle-move-up-effect \">\n<div id=\"jet-toggle-content-7362\" class=\"jet-toggle__content\" role=\"region\" data-toggle=\"2\" data-template-id=\"false\">\n<h2>Composici\u00f3n Basica<\/h2>\n<div class=\"jet-toggle__content-inner\">Carne de frango com ossos, carne mecanicamente separada de frango, f\u00edgado de frango, farinha de v\u00edsceras de aves, plasma sangu\u00edneo desidratado de su\u00edno, f\u00e9cula de mandioca, farinha de mandioca, levedura de cervejaria inativada desidratada, fibra de cana-de-a\u00e7\u00facar, polpa de beterraba, farelo de goiaba, ma\u00e7\u00e3, \u00f3leo de aves, \u00f3leo refinado de peixe, hidrolisado de f\u00edgado de aves e su\u00edno, farinha de linha\u00e7a, cloreto de s\u00f3dio, cloreto de pot\u00e1ssio, biomassa de microalgas (Schizochytrium sp.), semente de psyllium, zeolita, parede celular de levedura, frutooligossacar\u00eddeos, inulina, probi\u00f3ticos, extrato de yucca, col\u00e1geno hidrolisado (m\u00edn. 2,5%), sulfato de condroitina (m\u00edn. 0,02%), sulfato de glicosamina (m\u00edn. 0,06%), vitaminas (A, D3, E, K3, B1, B2, B5, B6, B12, C, niacina, \u00e1cido f\u00f3lico, biotina, cloreto de colina), minerais (sulfato de ferro, sulfato de cobre, sulfato de mangan\u00eas, sulfato de zinco, iodato de c\u00e1lcio, selenito de s\u00f3dio, organozinco, organossel\u00eanio, organomangan\u00eas), \u00e1cido propi\u00f4nico, lisina, metionina, taurina, triptofano, L-carnitina, extratos de alecrim, ch\u00e1 verde (Camelia sinenses) e menta, hortel\u00e3 (Mentha spp.), c\u00farcuma (curcuma longa), concentrado de tocofer\u00f3is (m\u00edn. 0,01%).<\/div>\n<\/div>\n<\/div>\n<div class=\" jet-accordion__item jet-toggle jet-toggle-move-up-effect \">\n<div id=\"jet-toggle-control-7363\" class=\"jet-toggle__control elementor-menu-anchor\" tabindex=\"0\" role=\"button\" data-toggle=\"3\" aria-controls=\"jet-toggle-content-7363\" aria-expanded=\"false\" data-template-id=\"false\">\n<div class=\"jet-toggle__label-icon jet-toggle-icon-position-right\"><\/div>\n<\/div>\n<div id=\"jet-toggle-content-7363\" class=\"jet-toggle__content\" role=\"region\" data-toggle=\"3\" data-template-id=\"false\">\n<div class=\"jet-toggle__content-inner\">\n<table width=\"625\">\n<tbody>\n<tr>\n<td width=\"443\">Umidade \/Humedad\/ Moisture (M\u00e1x.)<\/td>\n<td width=\"102\">90 g\/kg<\/td>\n<td width=\"80\">9,00%<\/td>\n<\/tr>\n<tr>\n<td width=\"443\">Prote\u00edna Bruta \/Prote\u00edna Cruda\/Crude Protein (M\u00edn.)<\/td>\n<td width=\"102\">300 g\/kg<\/td>\n<td width=\"80\">30,00%<\/td>\n<\/tr>\n<tr>\n<td width=\"443\">Extrato Et\u00e9reo \/Grasa\/ Crude Fat (M\u00edn.)<\/td>\n<td width=\"102\">85 g\/kg<\/td>\n<td width=\"80\">8,50%<\/td>\n<\/tr>\n<tr>\n<td width=\"443\">Mat\u00e9ria Fibrosa \/Fibra Cruda\/ Crude Fiber (M\u00e1x.)<\/td>\n<td width=\"102\">130 g\/kg<\/td>\n<td width=\"80\">13,00%<\/td>\n<\/tr>\n<tr>\n<td width=\"443\">Mat\u00e9ria Mineral \/Ash (M\u00e1x.)<\/td>\n<td width=\"102\">90 g\/kg<\/td>\n<td width=\"80\">9,00%<\/td>\n<\/tr>\n<tr>\n<td width=\"443\">C\u00e1lcio \/Calcium (M\u00e1x.)<\/td>\n<td width=\"102\">18 g\/kg<\/td>\n<td width=\"80\">1,80%<\/td>\n<\/tr>\n<tr>\n<td width=\"443\">C\u00e1lcio \/Calcium (M\u00edn.)<\/td>\n<td width=\"102\">8.000 mg\/kg<\/td>\n<td width=\"80\">0,80%<\/td>\n<\/tr>\n<tr>\n<td width=\"443\">F\u00f3sforo \/Phosphorus (M\u00edn.)<\/td>\n<td width=\"102\">9.000 mg\/kg<\/td>\n<td width=\"80\">0,90%<\/td>\n<\/tr>\n<tr>\n<td width=\"443\">S\u00f3dio \/Sodium (M\u00edn.)<\/td>\n<td width=\"102\">2.000 mg\/kg<\/td>\n<td width=\"80\"><\/td>\n<\/tr>\n<tr>\n<td width=\"443\">P\u00f3tassio \/Potassium (M\u00edn.)<\/td>\n<td width=\"102\">6.200 mg\/kg<\/td>\n<td width=\"80\"><\/td>\n<\/tr>\n<tr>\n<td width=\"443\">Mananoligossacar\u00eddeos \/MOS (M\u00edn.)<\/td>\n<td width=\"102\">300 mg\/kg<\/td>\n<td width=\"80\"><\/td>\n<\/tr>\n<tr>\n<td width=\"443\">Frutooligossacar\u00eddeos \/FOS (M\u00edn.)<\/td>\n<td width=\"102\">300 mg\/kg<\/td>\n<td width=\"80\"><\/td>\n<\/tr>\n<tr>\n<td width=\"443\">Beta glucana \/Beta glucan (M\u00edn.)<\/td>\n<td width=\"102\">700 mg\/kg<\/td>\n<td width=\"80\"><\/td>\n<\/tr>\n<tr>\n<td>Bacillus subtilis (M\u00edn.)<\/td>\n<td width=\"102\">1,20 x 10\u00b9\u00b2 UFC\/g<\/td>\n<td width=\"80\"><\/td>\n<\/tr>\n<tr>\n<td>Bifidobacterium bifidum (M\u00edn.)<\/td>\n<td width=\"102\">1,20 x 10\u00b9\u00b2 UFC\/g<\/td>\n<td width=\"80\"><\/td>\n<\/tr>\n<tr>\n<td>Enterococcus faecium (M\u00edn.)<\/td>\n<td width=\"102\">2,40 x 10\u00b9\u00b2 UFC\/g<\/td>\n<td width=\"80\"><\/td>\n<\/tr>\n<tr>\n<td>Lactobacillus acidophilus (M\u00edn.)<\/td>\n<td width=\"102\">3,00 x 10\u00b9\u00b2 UFC\/g<\/td>\n<td width=\"80\"><\/td>\n<\/tr>\n<tr>\n<td>Lacticaseibacillus casei (M\u00edn.)<\/td>\n<td width=\"102\">2,40 x 10\u00b9\u00b2 UFC\/g<\/td>\n<td width=\"80\"><\/td>\n<\/tr>\n<tr>\n<td>Lactobacillus lactis (M\u00edn.)<\/td>\n<td width=\"102\">1,80 x 10\u00b9\u00b2 UFC\/g<\/td>\n<td width=\"80\"><\/td>\n<\/tr>\n<tr>\n<td>Inulina \/Inulin (M\u00edn.)<\/td>\n<td width=\"102\">100 mg\/kg<\/td>\n<td width=\"80\"><\/td>\n<\/tr>\n<tr>\n<td>Lisina \/Lysine\u00a0 (M\u00edn.)<\/td>\n<td width=\"102\">20 g\/kg<\/td>\n<td width=\"80\"><\/td>\n<\/tr>\n<tr>\n<td>Metionina \/Methionine (M\u00edn.)<\/td>\n<td width=\"102\">7.500 mg\/kg<\/td>\n<td width=\"80\"><\/td>\n<\/tr>\n<tr>\n<td>Taurina \/Taurine (M\u00edn.)<\/td>\n<td width=\"102\">2.000 mg\/kg<\/td>\n<td width=\"80\"><\/td>\n<\/tr>\n<tr>\n<td>Triptofano \/Tryptophan (M\u00edn.)<\/td>\n<td width=\"102\">3.000 mg\/kg<\/td>\n<td width=\"80\"><\/td>\n<\/tr>\n<tr>\n<td width=\"443\">\u00d4mega 6 (\u00e1cido linoleico\/linoleic acid) (M\u00edn.)<\/td>\n<td width=\"102\">16 g\/kg<\/td>\n<td width=\"80\"><\/td>\n<\/tr>\n<tr>\n<td width=\"443\">\u00d4mega 3 (\u00e1cido linol\u00eanico\/linolenic acid) (M\u00edn.)<\/td>\n<td width=\"102\">3.000 mg\/kg<\/td>\n<td width=\"80\"><\/td>\n<\/tr>\n<tr>\n<td>Carnitina \/ Carnitine (M\u00edn.)<\/td>\n<td width=\"102\">250 mg\/kg<\/td>\n<td width=\"80\"><\/td>\n<\/tr>\n<tr>\n<td width=\"443\">Energia Metaboliz\u00e1vel \/ Energia metaboliz\u00e1vel\u00a0 \/ Metabolizable energy (M\u00edn).<\/td>\n<td width=\"102\">3.000 kcal\/kg<\/td>\n<td width=\"80\"><\/td>\n<\/tr>\n<\/tbody>\n<\/table>\n<\/div>\n<\/div>\n<\/div>\n<div class=\" jet-accordion__item jet-toggle jet-toggle-move-up-effect \">\n<div id=\"jet-toggle-control-7364\" class=\"jet-toggle__control elementor-menu-anchor\" tabindex=\"0\" role=\"button\" data-toggle=\"4\" aria-controls=\"jet-toggle-content-7364\" aria-expanded=\"false\" data-template-id=\"false\">\n<div class=\"jet-toggle__label-icon jet-toggle-icon-position-right\"><\/div>\n<\/div>\n<div id=\"jet-toggle-content-7364\" class=\"jet-toggle__content\" role=\"region\" data-toggle=\"4\" data-template-id=\"false\">\n<div class=\"jet-toggle__content-inner\">\n<p>Vitamina A 21.000UI; Vitamina D3 1.100UI; Vitamina E 600UI; Vitamina K3 0,15mg; Vitamina B1 4,50mg; Vitamina B2 8,25mg; Vitamina B5 18,00mg; Vitamina B6 3,00mg; Vitamina B12 75,00\u00b5g; Vitamina C 150,00mg; Niacina 24,00mg; \u00c1cido F\u00f3lico 0,45mg; Biotina 0,15mg; Colina 2.000,00mg; Ferro 60,00mg; Cobre 9,00mg; Mangan\u00eas 18,00mg; Zinco 187,50mg; Iodo 1,20mg; Sel\u00eanio 0,97mg.<\/p>\n<\/div>\n<\/div>\n<\/div>\n<div class=\" jet-accordion__item jet-toggle jet-toggle-move-up-effect \">\n<div id=\"jet-toggle-control-7365\" class=\"jet-toggle__control elementor-menu-anchor\" tabindex=\"0\" role=\"button\" data-toggle=\"5\" aria-controls=\"jet-toggle-content-7365\" aria-expanded=\"false\" data-template-id=\"false\">\n<h2 class=\"jet-toggle__label-icon jet-toggle-icon-position-right\">Tabla de Consumo<\/h2>\n<\/div>\n<div id=\"jet-toggle-content-7365\" class=\"jet-toggle__content\" role=\"region\" data-toggle=\"5\" data-template-id=\"false\">\n<div class=\"jet-toggle__content-inner\">\n<table width=\"674\">\n<tbody>\n<tr>\n<td rowspan=\"2\" width=\"150\">Peso atual (kg)<br \/>\nPeso actual| Current Weight<\/td>\n<td colspan=\"2\" width=\"524\">Quantidade Di\u00e1ria (g) Cantidad \/ dia | Daily Amount<\/td>\n<\/tr>\n<tr>\n<td width=\"263\">Perda de peso \/P\u00e9rdida de peso \/ Weight loss<\/td>\n<td width=\"261\">Manuten\u00e7\u00e3o \/ Mantenimiento \/Maintenance<\/td>\n<\/tr>\n<tr>\n<td width=\"150\">11<\/td>\n<td>107 \u2013 124<\/td>\n<td>160 \u2013 190<\/td>\n<\/tr>\n<tr>\n<td width=\"150\">15<\/td>\n<td>135 \u2013 156<\/td>\n<td>202 \u2013 242<\/td>\n<\/tr>\n<tr>\n<td width=\"150\">20<\/td>\n<td>168 \u2013 194<\/td>\n<td>250 \u2013 298<\/td>\n<\/tr>\n<tr>\n<td width=\"150\">25<\/td>\n<td>198 \u2013 230<\/td>\n<td>296 \u2013 352<\/td>\n<\/tr>\n<tr>\n<td width=\"150\">30<\/td>\n<td>227 \u2013 263<\/td>\n<td>340 \u2013 403<\/td>\n<\/tr>\n<tr>\n<td width=\"150\">35<\/td>\n<td>255 \u2013 295<\/td>\n<td>382 \u2013 453<\/td>\n<\/tr>\n<tr>\n<td width=\"150\">40<\/td>\n<td width=\"263\">282 \u2013 326<\/td>\n<td width=\"261\">422 \u2013 500<\/td>\n<\/tr>\n<tr>\n<td width=\"150\">45<\/td>\n<td width=\"263\">308 \u2013 356<\/td>\n<td width=\"261\">460 \u2013 546<\/td>\n<\/tr>\n<tr>\n<td width=\"150\">50<\/td>\n<td width=\"263\">334 \u2013 385<\/td>\n<td width=\"261\">498 \u2013 592<\/td>\n<\/tr>\n<\/tbody>\n<\/table>\n<\/div>\n<\/div>\n<\/div>\n","protected":false},"excerpt":{"rendered":"<p><span style=\"color: #0000ff;\"><strong>*Articulo Sujeto a Disponibilidad<\/strong><\/span><\/p>\n","protected":false},"featured_media":23527,"comment_status":"closed","ping_status":"closed","template":"","meta":{"site-sidebar-layout":"default","site-content-layout":"","ast-site-content-layout":"default","site-content-style":"default","site-sidebar-style":"default","ast-global-header-display":"","ast-banner-title-visibility":"","ast-main-header-display":"","ast-hfb-above-header-display":"","ast-hfb-below-header-display":"","ast-hfb-mobile-header-display":"","site-post-title":"","ast-breadcrumbs-content":"","ast-featured-img":"","footer-sml-layout":"","ast-disable-related-posts":"","theme-transparent-header-meta":"default","adv-header-id-meta":"","stick-header-meta":"","header-above-stick-meta":"","header-main-stick-meta":"","header-below-stick-meta":"","astra-migrate-meta-layouts":"set","ast-page-background-enabled":"default","ast-page-background-meta":{"desktop":{"background-color":"var(--ast-global-color-4)","background-image":"","background-repeat":"repeat","background-position":"center center","background-size":"auto","background-attachment":"scroll","background-type":"","background-media":"","overlay-type":"","overlay-color":"","overlay-opacity":"","overlay-gradient":""},"tablet":{"background-color":"","background-image":"","background-repeat":"repeat","background-position":"center center","background-size":"auto","background-attachment":"scroll","background-type":"","background-media":"","overlay-type":"","overlay-color":"","overlay-opacity":"","overlay-gradient":""},"mobile":{"background-color":"","background-image":"","background-repeat":"repeat","background-position":"center center","background-size":"auto","background-attachment":"scroll","background-type":"","background-media":"","overlay-type":"","overlay-color":"","overlay-opacity":"","overlay-gradient":""}},"ast-content-background-meta":{"desktop":{"background-color":"var(--ast-global-color-5)","background-image":"","background-repeat":"repeat","background-position":"center center","background-size":"auto","background-attachment":"scroll","background-type":"","background-media":"","overlay-type":"","overlay-color":"","overlay-opacity":"","overlay-gradient":""},"tablet":{"background-color":"var(--ast-global-color-5)","background-image":"","background-repeat":"repeat","background-position":"center center","background-size":"auto","background-attachment":"scroll","background-type":"","background-media":"","overlay-type":"","overlay-color":"","overlay-opacity":"","overlay-gradient":""},"mobile":{"background-color":"var(--ast-global-color-5)","background-image":"","background-repeat":"repeat","background-position":"center center","background-size":"auto","background-attachment":"scroll","background-type":"","background-media":"","overlay-type":"","overlay-color":"","overlay-opacity":"","overlay-gradient":""}}},"product_brand":[],"product_cat":[91,88,1259,16,1067],"product_tag":[],"class_list":{"0":"post-23505","1":"product","2":"type-product","3":"status-publish","4":"has-post-thumbnail","6":"product_cat-alimento-medicado-perros","7":"product_cat-alimentos-perros","8":"product_cat-formula-natural","9":"product_cat-perros","10":"product_cat-productos-para-perros","11":"desktop-align-left","12":"tablet-align-left","13":"mobile-align-left","15":"first","16":"instock","17":"taxable","18":"shipping-taxable","19":"purchasable","20":"product-type-simple"},"_links":{"self":[{"href":"https:\/\/petzone.com.py\/v1\/wp-json\/wp\/v2\/product\/23505","targetHints":{"allow":["GET"]}}],"collection":[{"href":"https:\/\/petzone.com.py\/v1\/wp-json\/wp\/v2\/product"}],"about":[{"href":"https:\/\/petzone.com.py\/v1\/wp-json\/wp\/v2\/types\/product"}],"replies":[{"embeddable":true,"href":"https:\/\/petzone.com.py\/v1\/wp-json\/wp\/v2\/comments?post=23505"}],"wp:featuredmedia":[{"embeddable":true,"href":"https:\/\/petzone.com.py\/v1\/wp-json\/wp\/v2\/media\/23527"}],"wp:attachment":[{"href":"https:\/\/petzone.com.py\/v1\/wp-json\/wp\/v2\/media?parent=23505"}],"wp:term":[{"taxonomy":"product_brand","embeddable":true,"href":"https:\/\/petzone.com.py\/v1\/wp-json\/wp\/v2\/product_brand?post=23505"},{"taxonomy":"product_cat","embeddable":true,"href":"https:\/\/petzone.com.py\/v1\/wp-json\/wp\/v2\/product_cat?post=23505"},{"taxonomy":"product_tag","embeddable":true,"href":"https:\/\/petzone.com.py\/v1\/wp-json\/wp\/v2\/product_tag?post=23505"}],"curies":[{"name":"wp","href":"https:\/\/api.w.org\/{rel}","templated":true}]}}