{"id":10662,"date":"2021-06-25T16:01:28","date_gmt":"2021-06-25T19:01:28","guid":{"rendered":"https:\/\/petzone.com.py\/v1\/?post_type=product&#038;p=10662"},"modified":"2025-10-08T09:33:03","modified_gmt":"2025-10-08T12:33:03","slug":"three-dogs-sache-original-filhotes-carne-100gr","status":"publish","type":"product","link":"https:\/\/petzone.com.py\/v1\/producto\/three-dogs-sache-original-filhotes-carne-100gr\/","title":{"rendered":"Cachorros sache carne x 100gr &#8211; THREE DOGS"},"content":{"rendered":"<section id=\"description_complete\" class=\"container\">\n<div class=\"tables_itens\">\n<div class=\"item recomendation active\">\n<p>RECOMENDACIONES DE USO<\/p>\n<p>Sirva puro o mezclado con Three Dogs Cachorros seco.<\/p>\n<div class=\"scroll-wrapper scrollBlock\">\n<div class=\"scrollBlock scroll-content scroll-scrolly_visible\">\n<table>\n<thead>\n<tr>\n<td>Edad\/Meses<\/td>\n<td>Peso quando adulto (kg)<\/td>\n<td><\/td>\n<td><\/td>\n<\/tr>\n<tr>\n<td><\/td>\n<td>Hasta 5<\/td>\n<td>5 \u2013 10<\/td>\n<td>10 \u2013 25<\/td>\n<\/tr>\n<\/thead>\n<tbody>\n<tr>\n<td>2 \u2013 6<\/td>\n<td>2 \u2013 5<\/td>\n<td>4 \u2013 8<\/td>\n<td>7 \u2013 17<\/td>\n<\/tr>\n<tr>\n<td>6 \u2013 9<\/td>\n<td>Adulto<\/td>\n<td><\/td>\n<td>7 \u2013 17<\/td>\n<\/tr>\n<tr>\n<td>9 \u2013 12<\/td>\n<td>Adulto<\/td>\n<td>Adulto<\/td>\n<td>7 \u2013 17<\/td>\n<\/tr>\n<tr>\n<td>12 \u2013 15<\/td>\n<td>Adulto<\/td>\n<td>Adulto<\/td>\n<td>7 o m\u00e1s<\/td>\n<\/tr>\n<\/tbody>\n<\/table>\n<p>&nbsp;<\/p>\n<p>&nbsp;<\/p>\n<p>TABLA NUTRICIONAL<\/p>\n<section id=\"description_complete\" class=\"container\">\n<div class=\"tables_itens\">\n<div class=\"item nutritional active\">\n<div class=\"scroll-wrapper scrollBlock\">\n<div class=\"scrollBlock scroll-content scroll-scrolly_visible\">\n<table>\n<thead>\n<tr>\n<td>Prote\u00edna Cruda (m\u00edn.)<\/td>\n<td>92g\/kg<\/td>\n<\/tr>\n<tr>\n<td>Grasa Cruda (m\u00edn.)<\/td>\n<td>45g\/kg<\/td>\n<\/tr>\n<\/thead>\n<tbody>\n<tr>\n<td>Fibra Cruda (m\u00e1x.)<\/td>\n<td>15g\/kg<\/td>\n<\/tr>\n<tr>\n<td>Cenizas (m\u00e1x.)<\/td>\n<td>28g\/kg<\/td>\n<\/tr>\n<tr>\n<td>C\u00e1lcio (m\u00edn.)<\/td>\n<td>3.000mg\/kg<\/td>\n<\/tr>\n<tr>\n<td>C\u00e1lcio (m\u00e1x.)<\/td>\n<td>5.000mg\/kg<\/td>\n<\/tr>\n<tr>\n<td>F\u00f3sforo (m\u00edn.)<\/td>\n<td>2.700mg\/kg<\/td>\n<\/tr>\n<tr>\n<td>S\u00f3dio (m\u00edn.)<\/td>\n<td>400mg\/kg<\/td>\n<\/tr>\n<tr>\n<td>Pot\u00e1ssio (m\u00edn.)<\/td>\n<td>1.000mg\/kg<\/td>\n<\/tr>\n<tr>\n<td>Humedad (m\u00e1x.)<\/td>\n<td>830g\/kg<\/td>\n<\/tr>\n<\/tbody>\n<\/table>\n<\/div>\n<div class=\"scroll-element scroll-y scroll-scrolly_visible\">\n<div class=\"scroll-element_outer\"><\/div>\n<\/div>\n<\/div>\n<\/div>\n<\/div>\n<\/section>\n<div class=\"featured\">\n<div class=\"container\">\n<h3 class=\"sec-title\"><\/h3>\n<\/div>\n<\/div>\n<p>&nbsp;<\/p>\n<p>INGREDIENTES<\/p>\n<p>Carne bovina, menudos bovinos, menudos de pollo, carne mec\u00e1nicamente separada de pollo, aceite de pollo, plasma de cerdo en polvo, harina de v\u00edsceras de pollo, levadura de cerveza, gluten de trigo, harina de trigo, cloruro sodico (sal com\u00fan), tripolifosfato sodico, palatante, vitaminas (A, B1, B12, B2, B6, D3, E, K3, \u00e1cido f\u00f3lico, \u00e1cido pantot\u00e9nico, biotina, niacina, cloruro de colina), minerales (zinc org\u00e1nico, sulfato de zinc, yodato de calcio, selenito s\u00f3dico, sulfato de cobre, sulfato de manganeso, sulfato de hierro, carbonato c\u00e1lcico, cloruro pot\u00e1sico), colorante natural caramelo, espesantes (goma guar y carragena) y agua.<\/p>\n<\/div>\n<\/div>\n<\/div>\n<\/div>\n<\/section>\n","protected":false},"excerpt":{"rendered":"<div class=\"product_definition\">\n<p><span style=\"color: #0000ff;\"><strong>*Articulo Sujeto a Disponibilidad<\/strong><\/span><\/p>\n<p>&nbsp;<\/p>\n<p>\u00a1El sachet Three Dogs Premium Especial Cachorros es un alimento 100% completo y equilibrado bajo en sodio con cantidades ideales de vitaminas y minerales para promover un crecimiento saludable y equilibrado! \u00a1Con textura y sabor que los cachorros amar\u00e1n!<\/p>\n<\/div>\n","protected":false},"featured_media":10663,"comment_status":"closed","ping_status":"closed","template":"","meta":{"site-sidebar-layout":"default","site-content-layout":"default","ast-site-content-layout":"default","site-content-style":"default","site-sidebar-style":"default","ast-global-header-display":"","ast-banner-title-visibility":"","ast-main-header-display":"","ast-hfb-above-header-display":"","ast-hfb-below-header-display":"","ast-hfb-mobile-header-display":"","site-post-title":"","ast-breadcrumbs-content":"","ast-featured-img":"","footer-sml-layout":"","ast-disable-related-posts":"","theme-transparent-header-meta":"default","adv-header-id-meta":"","stick-header-meta":"","header-above-stick-meta":"","header-main-stick-meta":"","header-below-stick-meta":"","astra-migrate-meta-layouts":"set","ast-page-background-enabled":"default","ast-page-background-meta":{"desktop":{"background-color":"var(--ast-global-color-4)","background-image":"","background-repeat":"repeat","background-position":"center center","background-size":"auto","background-attachment":"scroll","background-type":"","background-media":"","overlay-type":"","overlay-color":"","overlay-opacity":"","overlay-gradient":""},"tablet":{"background-color":"","background-image":"","background-repeat":"repeat","background-position":"center center","background-size":"auto","background-attachment":"scroll","background-type":"","background-media":"","overlay-type":"","overlay-color":"","overlay-opacity":"","overlay-gradient":""},"mobile":{"background-color":"","background-image":"","background-repeat":"repeat","background-position":"center center","background-size":"auto","background-attachment":"scroll","background-type":"","background-media":"","overlay-type":"","overlay-color":"","overlay-opacity":"","overlay-gradient":""}},"ast-content-background-meta":{"desktop":{"background-color":"var(--ast-global-color-5)","background-image":"","background-repeat":"repeat","background-position":"center center","background-size":"auto","background-attachment":"scroll","background-type":"","background-media":"","overlay-type":"","overlay-color":"","overlay-opacity":"","overlay-gradient":""},"tablet":{"background-color":"var(--ast-global-color-5)","background-image":"","background-repeat":"repeat","background-position":"center center","background-size":"auto","background-attachment":"scroll","background-type":"","background-media":"","overlay-type":"","overlay-color":"","overlay-opacity":"","overlay-gradient":""},"mobile":{"background-color":"var(--ast-global-color-5)","background-image":"","background-repeat":"repeat","background-position":"center center","background-size":"auto","background-attachment":"scroll","background-type":"","background-media":"","overlay-type":"","overlay-color":"","overlay-opacity":"","overlay-gradient":""}}},"product_brand":[],"product_cat":[90,88,526,16,567],"product_tag":[],"class_list":{"0":"post-10662","1":"product","2":"type-product","3":"status-publish","4":"has-post-thumbnail","6":"product_cat-alimento-humedo-perros","7":"product_cat-alimentos-perros","8":"product_cat-marcas","9":"product_cat-perros","10":"product_cat-three","11":"pa_calidad-humedo-perros-premium","12":"pa_edad-cachorro","13":"pa_humedo-perros-three-dogs","14":"pa_raza-alimento-humedo-perro-grandes","15":"pa_raza-alimento-humedo-perro-medias","16":"pa_raza-alimento-humedo-perro-pequenas","17":"desktop-align-left","18":"tablet-align-left","19":"mobile-align-left","21":"first","22":"outofstock","23":"taxable","24":"shipping-taxable","25":"purchasable","26":"product-type-simple"},"_links":{"self":[{"href":"https:\/\/petzone.com.py\/v1\/wp-json\/wp\/v2\/product\/10662","targetHints":{"allow":["GET"]}}],"collection":[{"href":"https:\/\/petzone.com.py\/v1\/wp-json\/wp\/v2\/product"}],"about":[{"href":"https:\/\/petzone.com.py\/v1\/wp-json\/wp\/v2\/types\/product"}],"replies":[{"embeddable":true,"href":"https:\/\/petzone.com.py\/v1\/wp-json\/wp\/v2\/comments?post=10662"}],"wp:featuredmedia":[{"embeddable":true,"href":"https:\/\/petzone.com.py\/v1\/wp-json\/wp\/v2\/media\/10663"}],"wp:attachment":[{"href":"https:\/\/petzone.com.py\/v1\/wp-json\/wp\/v2\/media?parent=10662"}],"wp:term":[{"taxonomy":"product_brand","embeddable":true,"href":"https:\/\/petzone.com.py\/v1\/wp-json\/wp\/v2\/product_brand?post=10662"},{"taxonomy":"product_cat","embeddable":true,"href":"https:\/\/petzone.com.py\/v1\/wp-json\/wp\/v2\/product_cat?post=10662"},{"taxonomy":"product_tag","embeddable":true,"href":"https:\/\/petzone.com.py\/v1\/wp-json\/wp\/v2\/product_tag?post=10662"}],"curies":[{"name":"wp","href":"https:\/\/api.w.org\/{rel}","templated":true}]}}